{"id":550,"date":"2021-06-22T23:20:22","date_gmt":"2021-06-22T21:20:22","guid":{"rendered":"https:\/\/www.motivonclinic.com\/operacia-ocnych-viecok-blefaroplastika\/"},"modified":"2021-11-15T15:10:30","modified_gmt":"2021-11-15T14:10:30","slug":"operation-der-augenlider-blepharoplastik","status":"publish","type":"page","link":"https:\/\/www.motivonclinic.com\/de\/operation-der-augenlider-blepharoplastik\/","title":{"rendered":"Operation der Augenlider &#8211; Blepharoplastik"},"content":{"rendered":"[vc_row content_placement=&#8220;top&#8220; css=&#8220;.vc_custom_1619736985641{padding-bottom: 40px !important;}&#8220;][vc_column width=&#8220;2\/5&#8243;]\t<div id=\"thb-image-69f414691f622\" class=\"caption-style1  aligncenter full  thb_image_link wp-caption \">\n\t\t\t<div class=\"thb-image-inner size_100\">\n\t\t\t<img loading=\"lazy\" decoding=\"async\" width=\"960\" height=\"960\" src=\"https:\/\/www.motivonclinic.com\/wp-content\/uploads\/2021\/04\/image-tvar-vrasky.jpg\" class=\"thb_image    attachment-full\" alt=\"\" srcset=\"https:\/\/www.motivonclinic.com\/wp-content\/uploads\/2021\/04\/image-tvar-vrasky.jpg 960w, https:\/\/www.motivonclinic.com\/wp-content\/uploads\/2021\/04\/image-tvar-vrasky-300x300.jpg 300w, https:\/\/www.motivonclinic.com\/wp-content\/uploads\/2021\/04\/image-tvar-vrasky-100x100.jpg 100w, https:\/\/www.motivonclinic.com\/wp-content\/uploads\/2021\/04\/image-tvar-vrasky-600x600.jpg 600w, https:\/\/www.motivonclinic.com\/wp-content\/uploads\/2021\/04\/image-tvar-vrasky-150x150.jpg 150w, https:\/\/www.motivonclinic.com\/wp-content\/uploads\/2021\/04\/image-tvar-vrasky-768x768.jpg 768w, https:\/\/www.motivonclinic.com\/wp-content\/uploads\/2021\/04\/image-tvar-vrasky-180x180.jpg 180w, https:\/\/www.motivonclinic.com\/wp-content\/uploads\/2021\/04\/image-tvar-vrasky-855x855.jpg 855w, https:\/\/www.motivonclinic.com\/wp-content\/uploads\/2021\/04\/image-tvar-vrasky-20x20.jpg 20w, https:\/\/www.motivonclinic.com\/wp-content\/uploads\/2021\/04\/image-tvar-vrasky-290x290.jpg 290w\" sizes=\"auto, (max-width: 960px) 100vw, 960px\" \/>\t\t\t\t\t<\/div>\n\t\t\t\t\t<\/div>\n  [\/vc_column][vc_column width=&#8220;3\/5&#8243;][vc_column_text el_class=&#8220;title-with-line&#8220;]\n<h1>Operation der Augenlider &#8211; Blepharoplastik<\/h1>\n[\/vc_column_text][vc_column_text]Durch die Korrektur der Augenlider wirkt das Gesicht frischer und j\u00fcnger. Die Blepharoplastik ist eine L\u00f6sung bei Schlupflidern, \u00fcbersch\u00fcssiger Haut, Tr\u00e4nens\u00e4cken und Falten im Augenbereich.\u00a0 Die Oberlidkorrektur dauert ca. eine Stunde. Die Unterlidstraffung ist in der Regel innerhalb von zwei Stunden fertig. Bei der Korrektur der Augenlider reicht eine Lokalan\u00e4sthesie aus. Die Kundin\/der Kunde kann gleich nach dem Eingriff nach Haus gehen. Die F\u00e4den werden nach f\u00fcnf bis sieben Tagen entfernt. Bluterg\u00fcsse verschwinden nach sieben bis zehn Tagen. Der Effekt der Augenlidkorrektur ist langfristig.[\/vc_column_text][vc_empty_space height=&#8220;40px&#8220;]\t<a id=\"thb-button-69f41469202e0\" class=\"btn style2 medium  accent no-radius animation fade-in  \" href=\"\/de\/kontakt\/\" target=\"_self\" role=\"button\">\n\t  <span>Vereinbaren Sie einen Termin.<\/span><\/a>\n  [\/vc_column][\/vc_row][vc_row][vc_column][vc_empty_space height=&#8220;20px&#8220;][vc_row_inner thb_max_width=&#8220;&#8220;][vc_column_inner width=&#8220;1\/3&#8243;]\t<div id=\"thb-iconbox-69f4146920369\" class=\"thb-iconbox left type1 icon-box-zakroky has-img   animation-off\" data-animation_speed=\"1.5\">\n\t\t\t\t<figure>\n\t\t\t\t\t\t\t<div class=\"iconbox-image\">\n\t\t\t\t\t<img loading=\"lazy\" decoding=\"async\" width=\"500\" height=\"500\" src=\"https:\/\/www.motivonclinic.com\/wp-content\/uploads\/2021\/06\/icon-dlzkazakroku.svg\" class=\"thb_image attachment-full\" alt=\"\" \/>\t\t\t\t\t\t\t\t\t<\/div>\n\t\t\t\t\t\t\t\t\t\t\t<\/figure>\n\t\t\t\t<div class=\"iconbox-content\">\n\t\t\t<h5>Dauer des Eingriffs<\/h5>\t\t\t<p>60 \u2013 120 Minuten<\/p>\n\t\t\t\t\t<\/div>\n\t\t<style>\n\t\t\t\t\t\t\t\t\t\t\t\t\t\t\t\t\t\t\t#thb-iconbox-69f4146920369.thb-iconbox .iconbox-image img {\n\t\t\t\t\twidth: 35px;\n\t\t\t\t\theight: auto;\n\t\t\t\t}\n\t\t\t\t\t\t\t\t\t\t\t\t\/* Hover *\/\n\t\t\t\t\t\t\t\t\t\t\t<\/style>\n\t<\/div>\n\t\t<div id=\"thb-iconbox-69f4146920f7b\" class=\"thb-iconbox left type1 icon-box-zakroky has-img   animation-off\" data-animation_speed=\"1.5\">\n\t\t\t\t<figure>\n\t\t\t\t\t\t\t<div class=\"iconbox-image\">\n\t\t\t\t\t<img loading=\"lazy\" decoding=\"async\" width=\"512\" height=\"512\" src=\"https:\/\/www.motivonclinic.com\/wp-content\/uploads\/2021\/06\/icon-anestezia.svg\" class=\"thb_image attachment-full\" alt=\"\" \/>\t\t\t\t\t\t\t\t\t<\/div>\n\t\t\t\t\t\t\t\t\t\t\t<\/figure>\n\t\t\t\t<div class=\"iconbox-content\">\n\t\t\t<h5>An\u00e4sthesie<\/h5>\t\t\t<p>Lokalan\u00e4sthesie<\/p>\n\t\t\t\t\t<\/div>\n\t\t<style>\n\t\t\t\t\t\t\t\t\t\t\t\t\t\t\t\t\t\t\t#thb-iconbox-69f4146920f7b.thb-iconbox .iconbox-image img {\n\t\t\t\t\twidth: 35px;\n\t\t\t\t\theight: auto;\n\t\t\t\t}\n\t\t\t\t\t\t\t\t\t\t\t\t\/* Hover *\/\n\t\t\t\t\t\t\t\t\t\t\t<\/style>\n\t<\/div>\n\t[\/vc_column_inner][vc_column_inner width=&#8220;1\/3&#8243;]\t<div id=\"thb-iconbox-69f414692193e\" class=\"thb-iconbox left type1 icon-box-zakroky has-img   animation-off\" data-animation_speed=\"1.5\">\n\t\t\t\t<figure>\n\t\t\t\t\t\t\t<div class=\"iconbox-image\">\n\t\t\t\t\t<img loading=\"lazy\" decoding=\"async\" width=\"512\" height=\"512\" src=\"https:\/\/www.motivonclinic.com\/wp-content\/uploads\/2021\/06\/icon-odchod.svg\" class=\"thb_image attachment-full\" alt=\"\" \/>\t\t\t\t\t\t\t\t\t<\/div>\n\t\t\t\t\t\t\t\t\t\t\t<\/figure>\n\t\t\t\t<div class=\"iconbox-content\">\n\t\t\t<h5>Entlassung aus der Klinik<\/h5>\t\t\t<p>sofort<\/p>\n\t\t\t\t\t<\/div>\n\t\t<style>\n\t\t\t\t\t\t\t\t\t\t\t\t\t\t\t\t\t\t\t#thb-iconbox-69f414692193e.thb-iconbox .iconbox-image img {\n\t\t\t\t\twidth: 35px;\n\t\t\t\t\theight: auto;\n\t\t\t\t}\n\t\t\t\t\t\t\t\t\t\t\t\t\/* Hover *\/\n\t\t\t\t\t\t\t\t\t\t\t<\/style>\n\t<\/div>\n\t\t<div id=\"thb-iconbox-69f4146922280\" class=\"thb-iconbox left type1 icon-box-zakroky has-img   animation-off\" data-animation_speed=\"1.5\">\n\t\t\t\t<figure>\n\t\t\t\t\t\t\t<div class=\"iconbox-image\">\n\t\t\t\t\t<img loading=\"lazy\" decoding=\"async\" width=\"495\" height=\"495\" src=\"https:\/\/www.motivonclinic.com\/wp-content\/uploads\/2021\/06\/icon-stehy.svg\" class=\"thb_image attachment-full\" alt=\"\" \/>\t\t\t\t\t\t\t\t\t<\/div>\n\t\t\t\t\t\t\t\t\t\t\t<\/figure>\n\t\t\t\t<div class=\"iconbox-content\">\n\t\t\t<h5>Fadenentfernung<\/h5>\t\t\t<p>nach 5 \u2013 7 Tagen<\/p>\n\t\t\t\t\t<\/div>\n\t\t<style>\n\t\t\t\t\t\t\t\t\t\t\t\t\t\t\t\t\t\t\t#thb-iconbox-69f4146922280.thb-iconbox .iconbox-image img {\n\t\t\t\t\twidth: 35px;\n\t\t\t\t\theight: auto;\n\t\t\t\t}\n\t\t\t\t\t\t\t\t\t\t\t\t\/* Hover *\/\n\t\t\t\t\t\t\t\t\t\t\t<\/style>\n\t<\/div>\n\t[\/vc_column_inner][vc_column_inner width=&#8220;1\/3&#8243;]\t<div id=\"thb-iconbox-69f4146922b9d\" class=\"thb-iconbox left type1 icon-box-zakroky has-img   animation-off\" data-animation_speed=\"1.5\">\n\t\t\t\t<figure>\n\t\t\t\t\t\t\t<div class=\"iconbox-image\">\n\t\t\t\t\t<img loading=\"lazy\" decoding=\"async\" width=\"512\" height=\"512\" src=\"https:\/\/www.motivonclinic.com\/wp-content\/uploads\/2021\/06\/icon-stopy.svg\" class=\"thb_image attachment-full\" alt=\"\" \/>\t\t\t\t\t\t\t\t\t<\/div>\n\t\t\t\t\t\t\t\t\t\t\t<\/figure>\n\t\t\t\t<div class=\"iconbox-content\">\n\t\t\t<h5>Spuren<\/h5>\t\t\t<p>Bluterg\u00fcsse verschwinden nach 7 - 10 Tagen<\/p>\n\t\t\t\t\t<\/div>\n\t\t<style>\n\t\t\t\t\t\t\t\t\t\t\t\t\t\t\t\t\t\t\t#thb-iconbox-69f4146922b9d.thb-iconbox .iconbox-image img {\n\t\t\t\t\twidth: 35px;\n\t\t\t\t\theight: auto;\n\t\t\t\t}\n\t\t\t\t\t\t\t\t\t\t\t\t\/* Hover *\/\n\t\t\t\t\t\t\t\t\t\t\t<\/style>\n\t<\/div>\n\t\t<div id=\"thb-iconbox-69f4146923497\" class=\"thb-iconbox left type1 icon-box-zakroky has-img   animation-off\" data-animation_speed=\"1.5\">\n\t\t\t\t<figure>\n\t\t\t\t\t\t\t<div class=\"iconbox-image\">\n\t\t\t\t\t<img loading=\"lazy\" decoding=\"async\" width=\"496\" height=\"496\" src=\"https:\/\/www.motivonclinic.com\/wp-content\/uploads\/2021\/06\/icon-vysledok.svg\" class=\"thb_image attachment-full\" alt=\"\" \/>\t\t\t\t\t\t\t\t\t<\/div>\n\t\t\t\t\t\t\t\t\t\t\t<\/figure>\n\t\t\t\t<div class=\"iconbox-content\">\n\t\t\t<h5>Ergebnis<\/h5>\t\t\t<p>langfristig<\/p>\n\t\t\t\t\t<\/div>\n\t\t<style>\n\t\t\t\t\t\t\t\t\t\t\t\t\t\t\t\t\t\t\t#thb-iconbox-69f4146923497.thb-iconbox .iconbox-image img {\n\t\t\t\t\twidth: 35px;\n\t\t\t\t\theight: auto;\n\t\t\t\t}\n\t\t\t\t\t\t\t\t\t\t\t\t\/* Hover *\/\n\t\t\t\t\t\t\t\t\t\t\t<\/style>\n\t<\/div>\n\t[\/vc_column_inner][\/vc_row_inner][vc_empty_space height=&#8220;40px&#8220;][\/vc_column][\/vc_row]\n","protected":false},"excerpt":{"rendered":"<p>[vc_row content_placement=&#8220;top&#8220; css=&#8220;.vc_custom_1619736985641{padding-bottom: 40px !important;}&#8220;][vc_column width=&#8220;2\/5&#8243;][\/vc_column][vc_column width=&#8220;3\/5&#8243;][vc_column_text el_class=&#8220;title-with-line&#8220;] Operation der Augenlider &#8211; Blepharoplastik [\/vc_column_text][vc_column_text]Durch die Korrektur der Augenlider wirkt das Gesicht frischer und j\u00fcnger. Die Blepharoplastik ist eine L\u00f6sung bei Schlupflidern, \u00fcbersch\u00fcssiger Haut, Tr\u00e4nens\u00e4cken und Falten im Augenbereich.\u00a0 Die Oberlidkorrektur dauert ca. eine Stunde. Die Unterlidstraffung ist in der Regel innerhalb von zwei Stunden fertig.&hellip;<\/p>\n","protected":false},"author":1,"featured_media":0,"parent":0,"menu_order":0,"comment_status":"closed","ping_status":"closed","template":"page-default.php","meta":{"inline_featured_image":false,"footnotes":""},"class_list":["post-550","page","type-page","status-publish","hentry"],"yoast_head":"<!-- This site is optimized with the Yoast SEO plugin v24.8.1 - https:\/\/yoast.com\/wordpress\/plugins\/seo\/ -->\n<title>Operation der Augenlider - Blepharoplastik - Motivon Clinic<\/title>\n<meta name=\"robots\" content=\"index, follow, max-snippet:-1, max-image-preview:large, max-video-preview:-1\" \/>\n<link rel=\"canonical\" href=\"https:\/\/www.motivonclinic.com\/de\/operacia-ocnych-viecok-blefaroplastika\/\" \/>\n<meta property=\"og:locale\" content=\"de_DE\" \/>\n<meta property=\"og:type\" content=\"article\" \/>\n<meta property=\"og:title\" content=\"Operation der Augenlider - Blepharoplastik - Motivon Clinic\" \/>\n<meta property=\"og:description\" content=\"[vc_row content_placement=&#8220;top&#8220; css=&#8220;.vc_custom_1619736985641{padding-bottom: 40px !important;}&#8220;][vc_column width=&#8220;2\/5&#8243;][\/vc_column][vc_column width=&#8220;3\/5&#8243;][vc_column_text el_class=&#8220;title-with-line&#8220;] Operation der Augenlider &#8211; Blepharoplastik [\/vc_column_text][vc_column_text]Durch die Korrektur der Augenlider wirkt das Gesicht frischer und j\u00fcnger. Die Blepharoplastik ist eine L\u00f6sung bei Schlupflidern, \u00fcbersch\u00fcssiger Haut, Tr\u00e4nens\u00e4cken und Falten im Augenbereich.\u00a0 Die Oberlidkorrektur dauert ca. eine Stunde. Die Unterlidstraffung ist in der Regel innerhalb von zwei Stunden fertig.&hellip;\" \/>\n<meta property=\"og:url\" content=\"https:\/\/www.motivonclinic.com\/operacia-ocnych-viecok-blefaroplastika\/\" \/>\n<meta property=\"og:site_name\" content=\"Motivon Clinic\" \/>\n<meta property=\"article:modified_time\" content=\"2021-11-15T14:10:30+00:00\" \/>\n<meta name=\"twitter:card\" content=\"summary_large_image\" \/>\n<meta name=\"twitter:label1\" content=\"Gesch\u00e4tzte Lesezeit\" \/>\n\t<meta name=\"twitter:data1\" content=\"1\u00a0Minute\" \/>\n<script type=\"application\/ld+json\" class=\"yoast-schema-graph\">{\"@context\":\"https:\/\/schema.org\",\"@graph\":[{\"@type\":\"WebPage\",\"@id\":\"https:\/\/www.motivonclinic.com\/operacia-ocnych-viecok-blefaroplastika\/\",\"url\":\"https:\/\/www.motivonclinic.com\/operacia-ocnych-viecok-blefaroplastika\/\",\"name\":\"Operation der Augenlider - Blepharoplastik - Motivon Clinic\",\"isPartOf\":{\"@id\":\"https:\/\/www.motivonclinic.com\/en\/#website\"},\"datePublished\":\"2021-06-22T21:20:22+00:00\",\"dateModified\":\"2021-11-15T14:10:30+00:00\",\"breadcrumb\":{\"@id\":\"https:\/\/www.motivonclinic.com\/operacia-ocnych-viecok-blefaroplastika\/#breadcrumb\"},\"inLanguage\":\"de\",\"potentialAction\":[{\"@type\":\"ReadAction\",\"target\":[\"https:\/\/www.motivonclinic.com\/operacia-ocnych-viecok-blefaroplastika\/\"]}]},{\"@type\":\"BreadcrumbList\",\"@id\":\"https:\/\/www.motivonclinic.com\/operacia-ocnych-viecok-blefaroplastika\/#breadcrumb\",\"itemListElement\":[{\"@type\":\"ListItem\",\"position\":1,\"name\":\"Domovsk\u00e1 str\u00e1nka\",\"item\":\"https:\/\/www.motivonclinic.com\/\"},{\"@type\":\"ListItem\",\"position\":2,\"name\":\"Operation der Augenlider &#8211; Blepharoplastik\"}]},{\"@type\":\"WebSite\",\"@id\":\"https:\/\/www.motivonclinic.com\/en\/#website\",\"url\":\"https:\/\/www.motivonclinic.com\/en\/\",\"name\":\"Motivon Clinic\",\"description\":\"\",\"potentialAction\":[{\"@type\":\"SearchAction\",\"target\":{\"@type\":\"EntryPoint\",\"urlTemplate\":\"https:\/\/www.motivonclinic.com\/en\/?s={search_term_string}\"},\"query-input\":{\"@type\":\"PropertyValueSpecification\",\"valueRequired\":true,\"valueName\":\"search_term_string\"}}],\"inLanguage\":\"de\"}]}<\/script>\n<!-- \/ Yoast SEO plugin. -->","yoast_head_json":{"title":"Operation der Augenlider - Blepharoplastik - Motivon Clinic","robots":{"index":"index","follow":"follow","max-snippet":"max-snippet:-1","max-image-preview":"max-image-preview:large","max-video-preview":"max-video-preview:-1"},"canonical":"https:\/\/www.motivonclinic.com\/de\/operacia-ocnych-viecok-blefaroplastika\/","og_locale":"de_DE","og_type":"article","og_title":"Operation der Augenlider - Blepharoplastik - Motivon Clinic","og_description":"[vc_row content_placement=&#8220;top&#8220; css=&#8220;.vc_custom_1619736985641{padding-bottom: 40px !important;}&#8220;][vc_column width=&#8220;2\/5&#8243;][\/vc_column][vc_column width=&#8220;3\/5&#8243;][vc_column_text el_class=&#8220;title-with-line&#8220;] Operation der Augenlider &#8211; Blepharoplastik [\/vc_column_text][vc_column_text]Durch die Korrektur der Augenlider wirkt das Gesicht frischer und j\u00fcnger. Die Blepharoplastik ist eine L\u00f6sung bei Schlupflidern, \u00fcbersch\u00fcssiger Haut, Tr\u00e4nens\u00e4cken und Falten im Augenbereich.\u00a0 Die Oberlidkorrektur dauert ca. eine Stunde. Die Unterlidstraffung ist in der Regel innerhalb von zwei Stunden fertig.&hellip;","og_url":"https:\/\/www.motivonclinic.com\/operacia-ocnych-viecok-blefaroplastika\/","og_site_name":"Motivon Clinic","article_modified_time":"2021-11-15T14:10:30+00:00","twitter_card":"summary_large_image","twitter_misc":{"Gesch\u00e4tzte Lesezeit":"1\u00a0Minute"},"schema":{"@context":"https:\/\/schema.org","@graph":[{"@type":"WebPage","@id":"https:\/\/www.motivonclinic.com\/operacia-ocnych-viecok-blefaroplastika\/","url":"https:\/\/www.motivonclinic.com\/operacia-ocnych-viecok-blefaroplastika\/","name":"Operation der Augenlider - Blepharoplastik - Motivon Clinic","isPartOf":{"@id":"https:\/\/www.motivonclinic.com\/en\/#website"},"datePublished":"2021-06-22T21:20:22+00:00","dateModified":"2021-11-15T14:10:30+00:00","breadcrumb":{"@id":"https:\/\/www.motivonclinic.com\/operacia-ocnych-viecok-blefaroplastika\/#breadcrumb"},"inLanguage":"de","potentialAction":[{"@type":"ReadAction","target":["https:\/\/www.motivonclinic.com\/operacia-ocnych-viecok-blefaroplastika\/"]}]},{"@type":"BreadcrumbList","@id":"https:\/\/www.motivonclinic.com\/operacia-ocnych-viecok-blefaroplastika\/#breadcrumb","itemListElement":[{"@type":"ListItem","position":1,"name":"Domovsk\u00e1 str\u00e1nka","item":"https:\/\/www.motivonclinic.com\/"},{"@type":"ListItem","position":2,"name":"Operation der Augenlider &#8211; Blepharoplastik"}]},{"@type":"WebSite","@id":"https:\/\/www.motivonclinic.com\/en\/#website","url":"https:\/\/www.motivonclinic.com\/en\/","name":"Motivon Clinic","description":"","potentialAction":[{"@type":"SearchAction","target":{"@type":"EntryPoint","urlTemplate":"https:\/\/www.motivonclinic.com\/en\/?s={search_term_string}"},"query-input":{"@type":"PropertyValueSpecification","valueRequired":true,"valueName":"search_term_string"}}],"inLanguage":"de"}]}},"_links":{"self":[{"href":"https:\/\/www.motivonclinic.com\/de\/wp-json\/wp\/v2\/pages\/550","targetHints":{"allow":["GET"]}}],"collection":[{"href":"https:\/\/www.motivonclinic.com\/de\/wp-json\/wp\/v2\/pages"}],"about":[{"href":"https:\/\/www.motivonclinic.com\/de\/wp-json\/wp\/v2\/types\/page"}],"author":[{"embeddable":true,"href":"https:\/\/www.motivonclinic.com\/de\/wp-json\/wp\/v2\/users\/1"}],"replies":[{"embeddable":true,"href":"https:\/\/www.motivonclinic.com\/de\/wp-json\/wp\/v2\/comments?post=550"}],"version-history":[{"count":2,"href":"https:\/\/www.motivonclinic.com\/de\/wp-json\/wp\/v2\/pages\/550\/revisions"}],"predecessor-version":[{"id":715,"href":"https:\/\/www.motivonclinic.com\/de\/wp-json\/wp\/v2\/pages\/550\/revisions\/715"}],"wp:attachment":[{"href":"https:\/\/www.motivonclinic.com\/de\/wp-json\/wp\/v2\/media?parent=550"}],"curies":[{"name":"wp","href":"https:\/\/api.w.org\/{rel}","templated":true}]}}