{"id":592,"date":"2021-04-30T00:37:18","date_gmt":"2021-04-29T22:37:18","guid":{"rendered":"https:\/\/www.motivonclinic.com\/zakroky\/"},"modified":"2021-11-15T21:25:28","modified_gmt":"2021-11-15T20:25:28","slug":"leistungsspektrum","status":"publish","type":"page","link":"https:\/\/www.motivonclinic.com\/de\/leistungsspektrum\/","title":{"rendered":"Leistungsspektrum"},"content":{"rendered":"[vc_row][vc_column][vc_column_text]\n<h1 style=\"text-align: center;\">Unser Leistungsspektrum<\/h1>\n[\/vc_column_text][vc_empty_space mobile_height=&#8220;32px&#8220; height=&#8220;68px&#8220;][\/vc_column][\/vc_row][vc_row thb_full_width=&#8220;true&#8220; thb_row_padding=&#8220;true&#8220; thb_column_padding=&#8220;true&#8220;][vc_column][vc_row_inner thb_max_width=&#8220;&#8220; thb_column_padding=&#8220;true&#8220;][vc_column_inner width=&#8220;1\/3&#8243;][vc_raw_html]JTNDZGl2JTIwY2xhc3MlM0QlMjJ6YWtyb2t5LWJhbm5lciUyMiUzRSUwQSUzQ2RpdiUyMGNsYXNzJTNEJTIyYmFubmVyLWJhY2tncm91bmQlMjBmYWNlJTIyJTNFJTNDJTJGZGl2JTNFJTBBJTNDZGl2JTIwY2xhc3MlM0QlMjJiYW5uZXItb3ZlcmxheSUyMiUzRSUzQyUyRmRpdiUzRSUwQSUzQ2RpdiUyMGNsYXNzJTNEJTIyYmFubmVyLWlubmVyJTIyJTNFJTBBJTNDaDIlM0VHZXNpY2h0JTNDJTJGaDIlM0UlMEElM0MlMkZkaXYlM0UlMEElM0MlMkZkaXYlM0U=[\/vc_raw_html][vc_column_text el_class=&#8220;cta-banner-links&#8220;]<a href=\"https:\/\/www.motivonclinic.com\/de\/nasenplastik-rhinoplastik\/\">Nasenplastik &#8211; Rhinoplastik<\/a><br \/>\n<a href=\"https:\/\/www.motivonclinic.com\/de\/operation-der-augenlider-blepharoplastik\/\">Operation der Augenlider &#8211; Blepharoplastik<\/a><br \/>\n<a href=\"https:\/\/www.motivonclinic.com\/de\/plastische-operation-der-ohren\/\">Plastische Operation der Ohren<\/a><br \/>\n<a href=\"https:\/\/www.motivonclinic.com\/de\/botoxbehandlung\/\">Botoxbehandlung<\/a><br \/>\n<a href=\"https:\/\/www.motivonclinic.com\/de\/lippenvergroesserung\/\">Lippenvergr\u00f6\u00dferung<\/a><br \/>\n<a href=\"https:\/\/www.motivonclinic.com\/de\/mesotherapie\/\">Mesotherapie<\/a><br \/>\n<a href=\"https:\/\/www.motivonclinic.com\/de\/facelift-und-necklift\/\">Facelift und Necklift<\/a><br \/>\n<a href=\"https:\/\/www.motivonclinic.com\/de\/stirnlifting-und-brauenlifting\/\">Stirnlifting und Brauenlifting<\/a><br \/>\n<a href=\"https:\/\/www.motivonclinic.com\/de\/vampir-lifting\/\">Vampir-Lifting<\/a><br \/>\n<a href=\"https:\/\/www.motivonclinic.com\/de\/lipofilling\/\">Lipofilling<\/a><br \/>\n<a href=\"https:\/\/www.motivonclinic.com\/de\/vyplne-kyselinou-hyaluronovou\/\">Injektionsfilling mit Hyalurons\u00e4ure<\/a>[\/vc_column_text][\/vc_column_inner][vc_column_inner width=&#8220;1\/3&#8243;][vc_raw_html]JTNDZGl2JTIwY2xhc3MlM0QlMjJ6YWtyb2t5LWJhbm5lciUyMiUzRSUwQSUzQ2RpdiUyMGNsYXNzJTNEJTIyYmFubmVyLWJhY2tncm91bmQlMjBicmVhc3QlMjIlM0UlM0MlMkZkaXYlM0UlMEElM0NkaXYlMjBjbGFzcyUzRCUyMmJhbm5lci1vdmVybGF5JTIyJTNFJTNDJTJGZGl2JTNFJTBBJTNDZGl2JTIwY2xhc3MlM0QlMjJiYW5uZXItaW5uZXIlMjIlM0UlMEElM0NoMiUzRUJydXN0JTNDJTJGaDIlM0UlMEElM0MlMkZkaXYlM0UlMEElM0MlMkZkaXYlM0U=[\/vc_raw_html][vc_column_text el_class=&#8220;cta-banner-links&#8220;]<a href=\"https:\/\/www.motivonclinic.com\/de\/brustvergroesserung\/\">Brustvergr\u00f6\u00dferung<\/a><br \/>\n<a href=\"https:\/\/www.motivonclinic.com\/de\/reduktionsmammaplastik\/\">Reduktionsmammaplastik<\/a><br \/>\n<a href=\"https:\/\/www.motivonclinic.com\/de\/bruststraffung\/\">Bruststraffung<\/a><br \/>\n<a href=\"https:\/\/www.motivonclinic.com\/de\/warzenhofverkleinerung\/\">Warzenhofverkleinerung<\/a><br \/>\n<a href=\"https:\/\/www.motivonclinic.com\/de\/korrektur-von-schlupfwarzen\/\">Korrektur von Schlupfwarzen<\/a><br \/>\n<a href=\"https:\/\/www.motivonclinic.com\/de\/brustverkleinerung-bei-maennern\/\">Brustverkleinerung bei M\u00e4nnern<\/a>[\/vc_column_text][\/vc_column_inner][vc_column_inner width=&#8220;1\/3&#8243;][vc_raw_html]JTNDZGl2JTIwY2xhc3MlM0QlMjJ6YWtyb2t5LWJhbm5lciUyMiUzRSUwQSUzQ2RpdiUyMGNsYXNzJTNEJTIyYmFubmVyLWJhY2tncm91bmQlMjBib2R5JTIyJTNFJTNDJTJGZGl2JTNFJTBBJTNDZGl2JTIwY2xhc3MlM0QlMjJiYW5uZXItb3ZlcmxheSUyMiUzRSUzQyUyRmRpdiUzRSUwQSUzQ2RpdiUyMGNsYXNzJTNEJTIyYmFubmVyLWlubmVyJTIyJTNFJTBBJTNDaDIlM0VLJUMzJUI2cnBlciUzQyUyRmgyJTNFJTBBJTNDJTJGZGl2JTNFJTBBJTNDJTJGZGl2JTNF[\/vc_raw_html][vc_column_text el_class=&#8220;cta-banner-links&#8220;]<a href=\"https:\/\/www.motivonclinic.com\/de\/abdominoplastik\/\">Abdominoplastik<\/a><br \/>\n<a href=\"https:\/\/www.motivonclinic.com\/de\/brachioplastik\/\">Brachioplastik<\/a><br \/>\n<a href=\"https:\/\/www.motivonclinic.com\/de\/liposuktion\/\">Liposuktion<\/a><br \/>\n<a href=\"https:\/\/www.motivonclinic.com\/de\/labioplastik\/\">Labioplastik<\/a><br \/>\n<a href=\"https:\/\/www.motivonclinic.com\/de\/handverjuengung-mit-eigenfett\/\">Handverj\u00fcngung mit Eigenfett<\/a><br \/>\n<a href=\"https:\/\/www.motivonclinic.com\/de\/oberschenkel-lift\/\">Oberschenkel-Lift<\/a><br \/>\n<a href=\"https:\/\/www.motivonclinic.com\/de\/operation-des-karpaltunnelsyndroms\/\">Operation des Karpaltunnelsyndroms<\/a>[\/vc_column_text][\/vc_column_inner][\/vc_row_inner][vc_empty_space mobile_height=&#8220;32px&#8220; height=&#8220;68px&#8220;][\/vc_column][\/vc_row]\n","protected":false},"excerpt":{"rendered":"<p>[vc_row][vc_column][vc_column_text] Unser Leistungsspektrum [\/vc_column_text][vc_empty_space mobile_height=&#8220;32px&#8220; height=&#8220;68px&#8220;][\/vc_column][\/vc_row][vc_row thb_full_width=&#8220;true&#8220; thb_row_padding=&#8220;true&#8220; thb_column_padding=&#8220;true&#8220;][vc_column][vc_row_inner thb_max_width=&#8220;&#8220; thb_column_padding=&#8220;true&#8220;][vc_column_inner width=&#8220;1\/3&#8243;][vc_raw_html]JTNDZGl2JTIwY2xhc3MlM0QlMjJ6YWtyb2t5LWJhbm5lciUyMiUzRSUwQSUzQ2RpdiUyMGNsYXNzJTNEJTIyYmFubmVyLWJhY2tncm91bmQlMjBmYWNlJTIyJTNFJTNDJTJGZGl2JTNFJTBBJTNDZGl2JTIwY2xhc3MlM0QlMjJiYW5uZXItb3ZlcmxheSUyMiUzRSUzQyUyRmRpdiUzRSUwQSUzQ2RpdiUyMGNsYXNzJTNEJTIyYmFubmVyLWlubmVyJTIyJTNFJTBBJTNDaDIlM0VHZXNpY2h0JTNDJTJGaDIlM0UlMEElM0MlMkZkaXYlM0UlMEElM0MlMkZkaXYlM0U=[\/vc_raw_html][vc_column_text el_class=&#8220;cta-banner-links&#8220;]Nasenplastik &#8211; Rhinoplastik Operation der Augenlider &#8211; Blepharoplastik Plastische Operation der Ohren Botoxbehandlung Lippenvergr\u00f6\u00dferung Mesotherapie Facelift und Necklift Stirnlifting und Brauenlifting Vampir-Lifting Lipofilling Injektionsfilling mit Hyalurons\u00e4ure[\/vc_column_text][\/vc_column_inner][vc_column_inner width=&#8220;1\/3&#8243;][vc_raw_html]JTNDZGl2JTIwY2xhc3MlM0QlMjJ6YWtyb2t5LWJhbm5lciUyMiUzRSUwQSUzQ2RpdiUyMGNsYXNzJTNEJTIyYmFubmVyLWJhY2tncm91bmQlMjBicmVhc3QlMjIlM0UlM0MlMkZkaXYlM0UlMEElM0NkaXYlMjBjbGFzcyUzRCUyMmJhbm5lci1vdmVybGF5JTIyJTNFJTNDJTJGZGl2JTNFJTBBJTNDZGl2JTIwY2xhc3MlM0QlMjJiYW5uZXItaW5uZXIlMjIlM0UlMEElM0NoMiUzRUJydXN0JTNDJTJGaDIlM0UlMEElM0MlMkZkaXYlM0UlMEElM0MlMkZkaXYlM0U=[\/vc_raw_html][vc_column_text el_class=&#8220;cta-banner-links&#8220;]Brustvergr\u00f6\u00dferung Reduktionsmammaplastik Bruststraffung Warzenhofverkleinerung Korrektur von Schlupfwarzen Brustverkleinerung bei M\u00e4nnern[\/vc_column_text][\/vc_column_inner][vc_column_inner width=&#8220;1\/3&#8243;][vc_raw_html]JTNDZGl2JTIwY2xhc3MlM0QlMjJ6YWtyb2t5LWJhbm5lciUyMiUzRSUwQSUzQ2RpdiUyMGNsYXNzJTNEJTIyYmFubmVyLWJhY2tncm91bmQlMjBib2R5JTIyJTNFJTNDJTJGZGl2JTNFJTBBJTNDZGl2JTIwY2xhc3MlM0QlMjJiYW5uZXItb3ZlcmxheSUyMiUzRSUzQyUyRmRpdiUzRSUwQSUzQ2RpdiUyMGNsYXNzJTNEJTIyYmFubmVyLWlubmVyJTIyJTNFJTBBJTNDaDIlM0VLJUMzJUI2cnBlciUzQyUyRmgyJTNFJTBBJTNDJTJGZGl2JTNFJTBBJTNDJTJGZGl2JTNF[\/vc_raw_html][vc_column_text el_class=&#8220;cta-banner-links&#8220;]Abdominoplastik Brachioplastik Liposuktion Labioplastik Handverj\u00fcngung&hellip;<\/p>\n","protected":false},"author":1,"featured_media":0,"parent":0,"menu_order":0,"comment_status":"closed","ping_status":"closed","template":"page-default.php","meta":{"inline_featured_image":false,"footnotes":""},"class_list":["post-592","page","type-page","status-publish","hentry"],"yoast_head":"<!-- This site is optimized with the Yoast SEO plugin v24.8.1 - https:\/\/yoast.com\/wordpress\/plugins\/seo\/ -->\n<title>Leistungsspektrum - Motivon Clinic<\/title>\n<meta name=\"robots\" content=\"index, follow, max-snippet:-1, max-image-preview:large, max-video-preview:-1\" \/>\n<link rel=\"canonical\" href=\"https:\/\/www.motivonclinic.com\/de\/zakroky\/\" \/>\n<meta property=\"og:locale\" content=\"de_DE\" \/>\n<meta property=\"og:type\" content=\"article\" \/>\n<meta property=\"og:title\" content=\"Leistungsspektrum - Motivon Clinic\" \/>\n<meta property=\"og:description\" content=\"[vc_row][vc_column][vc_column_text] Unser Leistungsspektrum [\/vc_column_text][vc_empty_space mobile_height=&#8220;32px&#8220; height=&#8220;68px&#8220;][\/vc_column][\/vc_row][vc_row thb_full_width=&#8220;true&#8220; thb_row_padding=&#8220;true&#8220; thb_column_padding=&#8220;true&#8220;][vc_column][vc_row_inner thb_max_width=&#8220;&#8220; thb_column_padding=&#8220;true&#8220;][vc_column_inner width=&#8220;1\/3&#8243;][vc_raw_html]JTNDZGl2JTIwY2xhc3MlM0QlMjJ6YWtyb2t5LWJhbm5lciUyMiUzRSUwQSUzQ2RpdiUyMGNsYXNzJTNEJTIyYmFubmVyLWJhY2tncm91bmQlMjBmYWNlJTIyJTNFJTNDJTJGZGl2JTNFJTBBJTNDZGl2JTIwY2xhc3MlM0QlMjJiYW5uZXItb3ZlcmxheSUyMiUzRSUzQyUyRmRpdiUzRSUwQSUzQ2RpdiUyMGNsYXNzJTNEJTIyYmFubmVyLWlubmVyJTIyJTNFJTBBJTNDaDIlM0VHZXNpY2h0JTNDJTJGaDIlM0UlMEElM0MlMkZkaXYlM0UlMEElM0MlMkZkaXYlM0U=[\/vc_raw_html][vc_column_text el_class=&#8220;cta-banner-links&#8220;]Nasenplastik &#8211; Rhinoplastik Operation der Augenlider &#8211; Blepharoplastik Plastische Operation der Ohren Botoxbehandlung Lippenvergr\u00f6\u00dferung Mesotherapie Facelift und Necklift Stirnlifting und Brauenlifting Vampir-Lifting Lipofilling Injektionsfilling mit Hyalurons\u00e4ure[\/vc_column_text][\/vc_column_inner][vc_column_inner width=&#8220;1\/3&#8243;][vc_raw_html]JTNDZGl2JTIwY2xhc3MlM0QlMjJ6YWtyb2t5LWJhbm5lciUyMiUzRSUwQSUzQ2RpdiUyMGNsYXNzJTNEJTIyYmFubmVyLWJhY2tncm91bmQlMjBicmVhc3QlMjIlM0UlM0MlMkZkaXYlM0UlMEElM0NkaXYlMjBjbGFzcyUzRCUyMmJhbm5lci1vdmVybGF5JTIyJTNFJTNDJTJGZGl2JTNFJTBBJTNDZGl2JTIwY2xhc3MlM0QlMjJiYW5uZXItaW5uZXIlMjIlM0UlMEElM0NoMiUzRUJydXN0JTNDJTJGaDIlM0UlMEElM0MlMkZkaXYlM0UlMEElM0MlMkZkaXYlM0U=[\/vc_raw_html][vc_column_text el_class=&#8220;cta-banner-links&#8220;]Brustvergr\u00f6\u00dferung Reduktionsmammaplastik Bruststraffung Warzenhofverkleinerung Korrektur von Schlupfwarzen Brustverkleinerung bei M\u00e4nnern[\/vc_column_text][\/vc_column_inner][vc_column_inner width=&#8220;1\/3&#8243;][vc_raw_html]JTNDZGl2JTIwY2xhc3MlM0QlMjJ6YWtyb2t5LWJhbm5lciUyMiUzRSUwQSUzQ2RpdiUyMGNsYXNzJTNEJTIyYmFubmVyLWJhY2tncm91bmQlMjBib2R5JTIyJTNFJTNDJTJGZGl2JTNFJTBBJTNDZGl2JTIwY2xhc3MlM0QlMjJiYW5uZXItb3ZlcmxheSUyMiUzRSUzQyUyRmRpdiUzRSUwQSUzQ2RpdiUyMGNsYXNzJTNEJTIyYmFubmVyLWlubmVyJTIyJTNFJTBBJTNDaDIlM0VLJUMzJUI2cnBlciUzQyUyRmgyJTNFJTBBJTNDJTJGZGl2JTNFJTBBJTNDJTJGZGl2JTNF[\/vc_raw_html][vc_column_text el_class=&#8220;cta-banner-links&#8220;]Abdominoplastik Brachioplastik Liposuktion Labioplastik Handverj\u00fcngung&hellip;\" \/>\n<meta property=\"og:url\" content=\"https:\/\/www.motivonclinic.com\/zakroky\/\" \/>\n<meta property=\"og:site_name\" content=\"Motivon Clinic\" \/>\n<meta property=\"article:modified_time\" content=\"2021-11-15T20:25:28+00:00\" \/>\n<meta name=\"twitter:card\" content=\"summary_large_image\" \/>\n<meta name=\"twitter:label1\" content=\"Gesch\u00e4tzte Lesezeit\" \/>\n\t<meta name=\"twitter:data1\" content=\"1\u00a0Minute\" \/>\n<script type=\"application\/ld+json\" class=\"yoast-schema-graph\">{\"@context\":\"https:\/\/schema.org\",\"@graph\":[{\"@type\":\"WebPage\",\"@id\":\"https:\/\/www.motivonclinic.com\/zakroky\/\",\"url\":\"https:\/\/www.motivonclinic.com\/zakroky\/\",\"name\":\"Leistungsspektrum - Motivon Clinic\",\"isPartOf\":{\"@id\":\"https:\/\/www.motivonclinic.com\/en\/#website\"},\"datePublished\":\"2021-04-29T22:37:18+00:00\",\"dateModified\":\"2021-11-15T20:25:28+00:00\",\"breadcrumb\":{\"@id\":\"https:\/\/www.motivonclinic.com\/zakroky\/#breadcrumb\"},\"inLanguage\":\"de\",\"potentialAction\":[{\"@type\":\"ReadAction\",\"target\":[\"https:\/\/www.motivonclinic.com\/zakroky\/\"]}]},{\"@type\":\"BreadcrumbList\",\"@id\":\"https:\/\/www.motivonclinic.com\/zakroky\/#breadcrumb\",\"itemListElement\":[{\"@type\":\"ListItem\",\"position\":1,\"name\":\"Domovsk\u00e1 str\u00e1nka\",\"item\":\"https:\/\/www.motivonclinic.com\/\"},{\"@type\":\"ListItem\",\"position\":2,\"name\":\"Leistungsspektrum\"}]},{\"@type\":\"WebSite\",\"@id\":\"https:\/\/www.motivonclinic.com\/en\/#website\",\"url\":\"https:\/\/www.motivonclinic.com\/en\/\",\"name\":\"Motivon Clinic\",\"description\":\"\",\"potentialAction\":[{\"@type\":\"SearchAction\",\"target\":{\"@type\":\"EntryPoint\",\"urlTemplate\":\"https:\/\/www.motivonclinic.com\/en\/?s={search_term_string}\"},\"query-input\":{\"@type\":\"PropertyValueSpecification\",\"valueRequired\":true,\"valueName\":\"search_term_string\"}}],\"inLanguage\":\"de\"}]}<\/script>\n<!-- \/ Yoast SEO plugin. -->","yoast_head_json":{"title":"Leistungsspektrum - Motivon Clinic","robots":{"index":"index","follow":"follow","max-snippet":"max-snippet:-1","max-image-preview":"max-image-preview:large","max-video-preview":"max-video-preview:-1"},"canonical":"https:\/\/www.motivonclinic.com\/de\/zakroky\/","og_locale":"de_DE","og_type":"article","og_title":"Leistungsspektrum - Motivon Clinic","og_description":"[vc_row][vc_column][vc_column_text] Unser Leistungsspektrum [\/vc_column_text][vc_empty_space mobile_height=&#8220;32px&#8220; height=&#8220;68px&#8220;][\/vc_column][\/vc_row][vc_row thb_full_width=&#8220;true&#8220; thb_row_padding=&#8220;true&#8220; thb_column_padding=&#8220;true&#8220;][vc_column][vc_row_inner thb_max_width=&#8220;&#8220; thb_column_padding=&#8220;true&#8220;][vc_column_inner width=&#8220;1\/3&#8243;][vc_raw_html]JTNDZGl2JTIwY2xhc3MlM0QlMjJ6YWtyb2t5LWJhbm5lciUyMiUzRSUwQSUzQ2RpdiUyMGNsYXNzJTNEJTIyYmFubmVyLWJhY2tncm91bmQlMjBmYWNlJTIyJTNFJTNDJTJGZGl2JTNFJTBBJTNDZGl2JTIwY2xhc3MlM0QlMjJiYW5uZXItb3ZlcmxheSUyMiUzRSUzQyUyRmRpdiUzRSUwQSUzQ2RpdiUyMGNsYXNzJTNEJTIyYmFubmVyLWlubmVyJTIyJTNFJTBBJTNDaDIlM0VHZXNpY2h0JTNDJTJGaDIlM0UlMEElM0MlMkZkaXYlM0UlMEElM0MlMkZkaXYlM0U=[\/vc_raw_html][vc_column_text el_class=&#8220;cta-banner-links&#8220;]Nasenplastik &#8211; Rhinoplastik Operation der Augenlider &#8211; Blepharoplastik Plastische Operation der Ohren Botoxbehandlung Lippenvergr\u00f6\u00dferung Mesotherapie Facelift und Necklift Stirnlifting und Brauenlifting Vampir-Lifting Lipofilling Injektionsfilling mit Hyalurons\u00e4ure[\/vc_column_text][\/vc_column_inner][vc_column_inner width=&#8220;1\/3&#8243;][vc_raw_html]JTNDZGl2JTIwY2xhc3MlM0QlMjJ6YWtyb2t5LWJhbm5lciUyMiUzRSUwQSUzQ2RpdiUyMGNsYXNzJTNEJTIyYmFubmVyLWJhY2tncm91bmQlMjBicmVhc3QlMjIlM0UlM0MlMkZkaXYlM0UlMEElM0NkaXYlMjBjbGFzcyUzRCUyMmJhbm5lci1vdmVybGF5JTIyJTNFJTNDJTJGZGl2JTNFJTBBJTNDZGl2JTIwY2xhc3MlM0QlMjJiYW5uZXItaW5uZXIlMjIlM0UlMEElM0NoMiUzRUJydXN0JTNDJTJGaDIlM0UlMEElM0MlMkZkaXYlM0UlMEElM0MlMkZkaXYlM0U=[\/vc_raw_html][vc_column_text el_class=&#8220;cta-banner-links&#8220;]Brustvergr\u00f6\u00dferung Reduktionsmammaplastik Bruststraffung Warzenhofverkleinerung Korrektur von Schlupfwarzen Brustverkleinerung bei M\u00e4nnern[\/vc_column_text][\/vc_column_inner][vc_column_inner width=&#8220;1\/3&#8243;][vc_raw_html]JTNDZGl2JTIwY2xhc3MlM0QlMjJ6YWtyb2t5LWJhbm5lciUyMiUzRSUwQSUzQ2RpdiUyMGNsYXNzJTNEJTIyYmFubmVyLWJhY2tncm91bmQlMjBib2R5JTIyJTNFJTNDJTJGZGl2JTNFJTBBJTNDZGl2JTIwY2xhc3MlM0QlMjJiYW5uZXItb3ZlcmxheSUyMiUzRSUzQyUyRmRpdiUzRSUwQSUzQ2RpdiUyMGNsYXNzJTNEJTIyYmFubmVyLWlubmVyJTIyJTNFJTBBJTNDaDIlM0VLJUMzJUI2cnBlciUzQyUyRmgyJTNFJTBBJTNDJTJGZGl2JTNFJTBBJTNDJTJGZGl2JTNF[\/vc_raw_html][vc_column_text el_class=&#8220;cta-banner-links&#8220;]Abdominoplastik Brachioplastik Liposuktion Labioplastik Handverj\u00fcngung&hellip;","og_url":"https:\/\/www.motivonclinic.com\/zakroky\/","og_site_name":"Motivon Clinic","article_modified_time":"2021-11-15T20:25:28+00:00","twitter_card":"summary_large_image","twitter_misc":{"Gesch\u00e4tzte Lesezeit":"1\u00a0Minute"},"schema":{"@context":"https:\/\/schema.org","@graph":[{"@type":"WebPage","@id":"https:\/\/www.motivonclinic.com\/zakroky\/","url":"https:\/\/www.motivonclinic.com\/zakroky\/","name":"Leistungsspektrum - Motivon Clinic","isPartOf":{"@id":"https:\/\/www.motivonclinic.com\/en\/#website"},"datePublished":"2021-04-29T22:37:18+00:00","dateModified":"2021-11-15T20:25:28+00:00","breadcrumb":{"@id":"https:\/\/www.motivonclinic.com\/zakroky\/#breadcrumb"},"inLanguage":"de","potentialAction":[{"@type":"ReadAction","target":["https:\/\/www.motivonclinic.com\/zakroky\/"]}]},{"@type":"BreadcrumbList","@id":"https:\/\/www.motivonclinic.com\/zakroky\/#breadcrumb","itemListElement":[{"@type":"ListItem","position":1,"name":"Domovsk\u00e1 str\u00e1nka","item":"https:\/\/www.motivonclinic.com\/"},{"@type":"ListItem","position":2,"name":"Leistungsspektrum"}]},{"@type":"WebSite","@id":"https:\/\/www.motivonclinic.com\/en\/#website","url":"https:\/\/www.motivonclinic.com\/en\/","name":"Motivon Clinic","description":"","potentialAction":[{"@type":"SearchAction","target":{"@type":"EntryPoint","urlTemplate":"https:\/\/www.motivonclinic.com\/en\/?s={search_term_string}"},"query-input":{"@type":"PropertyValueSpecification","valueRequired":true,"valueName":"search_term_string"}}],"inLanguage":"de"}]}},"_links":{"self":[{"href":"https:\/\/www.motivonclinic.com\/de\/wp-json\/wp\/v2\/pages\/592","targetHints":{"allow":["GET"]}}],"collection":[{"href":"https:\/\/www.motivonclinic.com\/de\/wp-json\/wp\/v2\/pages"}],"about":[{"href":"https:\/\/www.motivonclinic.com\/de\/wp-json\/wp\/v2\/types\/page"}],"author":[{"embeddable":true,"href":"https:\/\/www.motivonclinic.com\/de\/wp-json\/wp\/v2\/users\/1"}],"replies":[{"embeddable":true,"href":"https:\/\/www.motivonclinic.com\/de\/wp-json\/wp\/v2\/comments?post=592"}],"version-history":[{"count":4,"href":"https:\/\/www.motivonclinic.com\/de\/wp-json\/wp\/v2\/pages\/592\/revisions"}],"predecessor-version":[{"id":765,"href":"https:\/\/www.motivonclinic.com\/de\/wp-json\/wp\/v2\/pages\/592\/revisions\/765"}],"wp:attachment":[{"href":"https:\/\/www.motivonclinic.com\/de\/wp-json\/wp\/v2\/media?parent=592"}],"curies":[{"name":"wp","href":"https:\/\/api.w.org\/{rel}","templated":true}]}}