{"id":597,"date":"2021-06-22T23:59:09","date_gmt":"2021-06-22T21:59:09","guid":{"rendered":"https:\/\/www.motivonclinic.com\/zvacsenie-prsnikov\/"},"modified":"2021-11-15T15:42:46","modified_gmt":"2021-11-15T14:42:46","slug":"brustvergroesserung","status":"publish","type":"page","link":"https:\/\/www.motivonclinic.com\/de\/brustvergroesserung\/","title":{"rendered":"Brustvergr\u00f6\u00dferung"},"content":{"rendered":"[vc_row content_placement=&#8220;top&#8220; css=&#8220;.vc_custom_1619736985641{padding-bottom: 40px !important;}&#8220;][vc_column width=&#8220;2\/5&#8243;]\t<div id=\"thb-image-69ece720c2d8d\" class=\"caption-style1  aligncenter full  thb_image_link wp-caption \">\n\t\t\t<div class=\"thb-image-inner size_100\">\n\t\t\t<img loading=\"lazy\" decoding=\"async\" width=\"960\" height=\"960\" src=\"https:\/\/www.motivonclinic.com\/wp-content\/uploads\/2021\/04\/image-tvar-vrasky.jpg\" class=\"thb_image    attachment-full\" alt=\"\" srcset=\"https:\/\/www.motivonclinic.com\/wp-content\/uploads\/2021\/04\/image-tvar-vrasky.jpg 960w, https:\/\/www.motivonclinic.com\/wp-content\/uploads\/2021\/04\/image-tvar-vrasky-300x300.jpg 300w, https:\/\/www.motivonclinic.com\/wp-content\/uploads\/2021\/04\/image-tvar-vrasky-100x100.jpg 100w, https:\/\/www.motivonclinic.com\/wp-content\/uploads\/2021\/04\/image-tvar-vrasky-600x600.jpg 600w, https:\/\/www.motivonclinic.com\/wp-content\/uploads\/2021\/04\/image-tvar-vrasky-150x150.jpg 150w, https:\/\/www.motivonclinic.com\/wp-content\/uploads\/2021\/04\/image-tvar-vrasky-768x768.jpg 768w, https:\/\/www.motivonclinic.com\/wp-content\/uploads\/2021\/04\/image-tvar-vrasky-180x180.jpg 180w, https:\/\/www.motivonclinic.com\/wp-content\/uploads\/2021\/04\/image-tvar-vrasky-855x855.jpg 855w, https:\/\/www.motivonclinic.com\/wp-content\/uploads\/2021\/04\/image-tvar-vrasky-20x20.jpg 20w, https:\/\/www.motivonclinic.com\/wp-content\/uploads\/2021\/04\/image-tvar-vrasky-290x290.jpg 290w\" sizes=\"auto, (max-width: 960px) 100vw, 960px\" \/>\t\t\t\t\t<\/div>\n\t\t\t\t\t<\/div>\n  [\/vc_column][vc_column width=&#8220;3\/5&#8243;][vc_column_text el_class=&#8220;title-with-line&#8220;]\n<h1>Brustvergr\u00f6\u00dferung<\/h1>\n[\/vc_column_text][vc_column_text]Die Korrektur der Brustform und -gr\u00f6\u00dfe mit Silikonimplantaten geh\u00f6rt zu den beliebtesten Eingriffen der \u00e4sthetischen Medizin. Die Brustvergr\u00f6\u00dferung, fachlich auch als augmentative Mammaplastik genannt, beruht in der chirurgischen Einsetzung der Implantate hinter das Brustgewebe. Die Operation dauert ungef\u00e4hr eine bis eineinhalb Stunden und wird mit Vollnarkose durchgef\u00fchrt. Die Kundin kann die Klinik nach ein bis zwei Tagen nach dem Eingriff verlassen. Die F\u00e4den werden nach sieben bis zehn Tagen entfernt. In den ersten vier bis acht Wochen ist ein spezieller BH zu tragen. An der Haut bleiben nur feine Narben. Das Ergebnis der Brustvergr\u00f6\u00dferung mit Silikonimplantaten besteht langfristig bis dauerhaft.[\/vc_column_text][vc_empty_space height=&#8220;40px&#8220;]\t<a id=\"thb-button-69ece720c69f8\" class=\"btn style2 medium  accent no-radius animation fade-in  \" href=\"\/de\/kontakt\/\" target=\"_self\" role=\"button\">\n\t  <span>Vereinbaren Sie einen Termin.<\/span><\/a>\n  [\/vc_column][\/vc_row][vc_row][vc_column][vc_empty_space height=&#8220;20px&#8220;][vc_row_inner thb_max_width=&#8220;&#8220;][vc_column_inner width=&#8220;1\/3&#8243;]\t<div id=\"thb-iconbox-69ece720c6aa7\" class=\"thb-iconbox left type1 icon-box-zakroky has-img   animation-off\" data-animation_speed=\"1.5\">\n\t\t\t\t<figure>\n\t\t\t\t\t\t\t<div class=\"iconbox-image\">\n\t\t\t\t\t<img loading=\"lazy\" decoding=\"async\" width=\"500\" height=\"500\" src=\"https:\/\/www.motivonclinic.com\/wp-content\/uploads\/2021\/06\/icon-dlzkazakroku.svg\" class=\"thb_image attachment-full\" alt=\"\" \/>\t\t\t\t\t\t\t\t\t<\/div>\n\t\t\t\t\t\t\t\t\t\t\t<\/figure>\n\t\t\t\t<div class=\"iconbox-content\">\n\t\t\t<h5>Dauer des Eingriffs<\/h5>\t\t\t<p>60 \u2013 90 Minuten<\/p>\n\t\t\t\t\t<\/div>\n\t\t<style>\n\t\t\t\t\t\t\t\t\t\t\t\t\t\t\t\t\t\t\t#thb-iconbox-69ece720c6aa7.thb-iconbox .iconbox-image img {\n\t\t\t\t\twidth: 35px;\n\t\t\t\t\theight: auto;\n\t\t\t\t}\n\t\t\t\t\t\t\t\t\t\t\t\t\/* Hover *\/\n\t\t\t\t\t\t\t\t\t\t\t<\/style>\n\t<\/div>\n\t\t<div id=\"thb-iconbox-69ece720c9eb0\" class=\"thb-iconbox left type1 icon-box-zakroky has-img   animation-off\" data-animation_speed=\"1.5\">\n\t\t\t\t<figure>\n\t\t\t\t\t\t\t<div class=\"iconbox-image\">\n\t\t\t\t\t<img loading=\"lazy\" decoding=\"async\" width=\"512\" height=\"512\" src=\"https:\/\/www.motivonclinic.com\/wp-content\/uploads\/2021\/06\/icon-anestezia.svg\" class=\"thb_image attachment-full\" alt=\"\" \/>\t\t\t\t\t\t\t\t\t<\/div>\n\t\t\t\t\t\t\t\t\t\t\t<\/figure>\n\t\t\t\t<div class=\"iconbox-content\">\n\t\t\t<h5>An\u00e4sthesie<\/h5>\t\t\t<p>Vollnarkose<\/p>\n\t\t\t\t\t<\/div>\n\t\t<style>\n\t\t\t\t\t\t\t\t\t\t\t\t\t\t\t\t\t\t\t#thb-iconbox-69ece720c9eb0.thb-iconbox .iconbox-image img {\n\t\t\t\t\twidth: 35px;\n\t\t\t\t\theight: auto;\n\t\t\t\t}\n\t\t\t\t\t\t\t\t\t\t\t\t\/* Hover *\/\n\t\t\t\t\t\t\t\t\t\t\t<\/style>\n\t<\/div>\n\t[\/vc_column_inner][vc_column_inner width=&#8220;1\/3&#8243;]\t<div id=\"thb-iconbox-69ece720cc932\" class=\"thb-iconbox left type1 icon-box-zakroky has-img   animation-off\" data-animation_speed=\"1.5\">\n\t\t\t\t<figure>\n\t\t\t\t\t\t\t<div class=\"iconbox-image\">\n\t\t\t\t\t<img loading=\"lazy\" decoding=\"async\" width=\"512\" height=\"512\" src=\"https:\/\/www.motivonclinic.com\/wp-content\/uploads\/2021\/06\/icon-odchod.svg\" class=\"thb_image attachment-full\" alt=\"\" \/>\t\t\t\t\t\t\t\t\t<\/div>\n\t\t\t\t\t\t\t\t\t\t\t<\/figure>\n\t\t\t\t<div class=\"iconbox-content\">\n\t\t\t<h5>Entlassung aus der Klinik<\/h5>\t\t\t<p>nach 1 \u2013 2 Tagen<\/p>\n\t\t\t\t\t<\/div>\n\t\t<style>\n\t\t\t\t\t\t\t\t\t\t\t\t\t\t\t\t\t\t\t#thb-iconbox-69ece720cc932.thb-iconbox .iconbox-image img {\n\t\t\t\t\twidth: 35px;\n\t\t\t\t\theight: auto;\n\t\t\t\t}\n\t\t\t\t\t\t\t\t\t\t\t\t\/* Hover *\/\n\t\t\t\t\t\t\t\t\t\t\t<\/style>\n\t<\/div>\n\t\t<div id=\"thb-iconbox-69ece720cdf69\" class=\"thb-iconbox left type1 icon-box-zakroky has-img   animation-off\" data-animation_speed=\"1.5\">\n\t\t\t\t<figure>\n\t\t\t\t\t\t\t<div class=\"iconbox-image\">\n\t\t\t\t\t<img loading=\"lazy\" decoding=\"async\" width=\"495\" height=\"495\" src=\"https:\/\/www.motivonclinic.com\/wp-content\/uploads\/2021\/06\/icon-stehy.svg\" class=\"thb_image attachment-full\" alt=\"\" \/>\t\t\t\t\t\t\t\t\t<\/div>\n\t\t\t\t\t\t\t\t\t\t\t<\/figure>\n\t\t\t\t<div class=\"iconbox-content\">\n\t\t\t<h5>Fadenentfernung<\/h5>\t\t\t<p>nach 7 \u2013 10 Tagen<\/p>\n\t\t\t\t\t<\/div>\n\t\t<style>\n\t\t\t\t\t\t\t\t\t\t\t\t\t\t\t\t\t\t\t#thb-iconbox-69ece720cdf69.thb-iconbox .iconbox-image img {\n\t\t\t\t\twidth: 35px;\n\t\t\t\t\theight: auto;\n\t\t\t\t}\n\t\t\t\t\t\t\t\t\t\t\t\t\/* Hover *\/\n\t\t\t\t\t\t\t\t\t\t\t<\/style>\n\t<\/div>\n\t[\/vc_column_inner][vc_column_inner width=&#8220;1\/3&#8243;]\t<div id=\"thb-iconbox-69ece720cf406\" class=\"thb-iconbox left type1 icon-box-zakroky has-img   animation-off\" data-animation_speed=\"1.5\">\n\t\t\t\t<figure>\n\t\t\t\t\t\t\t<div class=\"iconbox-image\">\n\t\t\t\t\t<img loading=\"lazy\" decoding=\"async\" width=\"512\" height=\"512\" src=\"https:\/\/www.motivonclinic.com\/wp-content\/uploads\/2021\/06\/icon-stopy.svg\" class=\"thb_image attachment-full\" alt=\"\" \/>\t\t\t\t\t\t\t\t\t<\/div>\n\t\t\t\t\t\t\t\t\t\t\t<\/figure>\n\t\t\t\t<div class=\"iconbox-content\">\n\t\t\t<h5>Spuren<\/h5>\t\t\t<p>unauff\u00e4llige Narbe<\/p>\n\t\t\t\t\t<\/div>\n\t\t<style>\n\t\t\t\t\t\t\t\t\t\t\t\t\t\t\t\t\t\t\t#thb-iconbox-69ece720cf406.thb-iconbox .iconbox-image img {\n\t\t\t\t\twidth: 35px;\n\t\t\t\t\theight: auto;\n\t\t\t\t}\n\t\t\t\t\t\t\t\t\t\t\t\t\/* Hover *\/\n\t\t\t\t\t\t\t\t\t\t\t<\/style>\n\t<\/div>\n\t\t<div id=\"thb-iconbox-69ece720d1094\" class=\"thb-iconbox left type1 icon-box-zakroky has-img   animation-off\" data-animation_speed=\"1.5\">\n\t\t\t\t<figure>\n\t\t\t\t\t\t\t<div class=\"iconbox-image\">\n\t\t\t\t\t<img loading=\"lazy\" decoding=\"async\" width=\"496\" height=\"496\" src=\"https:\/\/www.motivonclinic.com\/wp-content\/uploads\/2021\/06\/icon-vysledok.svg\" class=\"thb_image attachment-full\" alt=\"\" \/>\t\t\t\t\t\t\t\t\t<\/div>\n\t\t\t\t\t\t\t\t\t\t\t<\/figure>\n\t\t\t\t<div class=\"iconbox-content\">\n\t\t\t<h5>Ergebnis<\/h5>\t\t\t<p>langfristig\/dauerhaft<\/p>\n\t\t\t\t\t<\/div>\n\t\t<style>\n\t\t\t\t\t\t\t\t\t\t\t\t\t\t\t\t\t\t\t#thb-iconbox-69ece720d1094.thb-iconbox .iconbox-image img {\n\t\t\t\t\twidth: 35px;\n\t\t\t\t\theight: auto;\n\t\t\t\t}\n\t\t\t\t\t\t\t\t\t\t\t\t\/* Hover *\/\n\t\t\t\t\t\t\t\t\t\t\t<\/style>\n\t<\/div>\n\t[\/vc_column_inner][\/vc_row_inner][vc_empty_space height=&#8220;40px&#8220;][\/vc_column][\/vc_row]\n","protected":false},"excerpt":{"rendered":"<p>[vc_row content_placement=&#8220;top&#8220; css=&#8220;.vc_custom_1619736985641{padding-bottom: 40px !important;}&#8220;][vc_column width=&#8220;2\/5&#8243;][\/vc_column][vc_column width=&#8220;3\/5&#8243;][vc_column_text el_class=&#8220;title-with-line&#8220;] Brustvergr\u00f6\u00dferung [\/vc_column_text][vc_column_text]Die Korrektur der Brustform und -gr\u00f6\u00dfe mit Silikonimplantaten geh\u00f6rt zu den beliebtesten Eingriffen der \u00e4sthetischen Medizin. Die Brustvergr\u00f6\u00dferung, fachlich auch als augmentative Mammaplastik genannt, beruht in der chirurgischen Einsetzung der Implantate hinter das Brustgewebe. Die Operation dauert ungef\u00e4hr eine bis eineinhalb Stunden und wird mit Vollnarkose&hellip;<\/p>\n","protected":false},"author":1,"featured_media":0,"parent":0,"menu_order":0,"comment_status":"closed","ping_status":"closed","template":"page-default.php","meta":{"inline_featured_image":false,"footnotes":""},"class_list":["post-597","page","type-page","status-publish","hentry"],"yoast_head":"<!-- This site is optimized with the Yoast SEO plugin v24.8.1 - https:\/\/yoast.com\/wordpress\/plugins\/seo\/ -->\n<title>Brustvergr\u00f6\u00dferung - Motivon Clinic<\/title>\n<meta name=\"robots\" content=\"index, follow, max-snippet:-1, max-image-preview:large, max-video-preview:-1\" \/>\n<link rel=\"canonical\" href=\"https:\/\/www.motivonclinic.com\/de\/zvacsenie-prsnikov\/\" \/>\n<meta property=\"og:locale\" content=\"de_DE\" \/>\n<meta property=\"og:type\" content=\"article\" \/>\n<meta property=\"og:title\" content=\"Brustvergr\u00f6\u00dferung - Motivon Clinic\" \/>\n<meta property=\"og:description\" content=\"[vc_row content_placement=&#8220;top&#8220; css=&#8220;.vc_custom_1619736985641{padding-bottom: 40px !important;}&#8220;][vc_column width=&#8220;2\/5&#8243;][\/vc_column][vc_column width=&#8220;3\/5&#8243;][vc_column_text el_class=&#8220;title-with-line&#8220;] Brustvergr\u00f6\u00dferung [\/vc_column_text][vc_column_text]Die Korrektur der Brustform und -gr\u00f6\u00dfe mit Silikonimplantaten geh\u00f6rt zu den beliebtesten Eingriffen der \u00e4sthetischen Medizin. Die Brustvergr\u00f6\u00dferung, fachlich auch als augmentative Mammaplastik genannt, beruht in der chirurgischen Einsetzung der Implantate hinter das Brustgewebe. Die Operation dauert ungef\u00e4hr eine bis eineinhalb Stunden und wird mit Vollnarkose&hellip;\" \/>\n<meta property=\"og:url\" content=\"https:\/\/www.motivonclinic.com\/zvacsenie-prsnikov\/\" \/>\n<meta property=\"og:site_name\" content=\"Motivon Clinic\" \/>\n<meta property=\"article:modified_time\" content=\"2021-11-15T14:42:46+00:00\" \/>\n<meta name=\"twitter:card\" content=\"summary_large_image\" \/>\n<meta name=\"twitter:label1\" content=\"Gesch\u00e4tzte Lesezeit\" \/>\n\t<meta name=\"twitter:data1\" content=\"1\u00a0Minute\" \/>\n<script type=\"application\/ld+json\" class=\"yoast-schema-graph\">{\"@context\":\"https:\/\/schema.org\",\"@graph\":[{\"@type\":\"WebPage\",\"@id\":\"https:\/\/www.motivonclinic.com\/zvacsenie-prsnikov\/\",\"url\":\"https:\/\/www.motivonclinic.com\/zvacsenie-prsnikov\/\",\"name\":\"Brustvergr\u00f6\u00dferung - Motivon Clinic\",\"isPartOf\":{\"@id\":\"https:\/\/www.motivonclinic.com\/en\/#website\"},\"datePublished\":\"2021-06-22T21:59:09+00:00\",\"dateModified\":\"2021-11-15T14:42:46+00:00\",\"breadcrumb\":{\"@id\":\"https:\/\/www.motivonclinic.com\/zvacsenie-prsnikov\/#breadcrumb\"},\"inLanguage\":\"de\",\"potentialAction\":[{\"@type\":\"ReadAction\",\"target\":[\"https:\/\/www.motivonclinic.com\/zvacsenie-prsnikov\/\"]}]},{\"@type\":\"BreadcrumbList\",\"@id\":\"https:\/\/www.motivonclinic.com\/zvacsenie-prsnikov\/#breadcrumb\",\"itemListElement\":[{\"@type\":\"ListItem\",\"position\":1,\"name\":\"Domovsk\u00e1 str\u00e1nka\",\"item\":\"https:\/\/www.motivonclinic.com\/\"},{\"@type\":\"ListItem\",\"position\":2,\"name\":\"Brustvergr\u00f6\u00dferung\"}]},{\"@type\":\"WebSite\",\"@id\":\"https:\/\/www.motivonclinic.com\/en\/#website\",\"url\":\"https:\/\/www.motivonclinic.com\/en\/\",\"name\":\"Motivon Clinic\",\"description\":\"\",\"potentialAction\":[{\"@type\":\"SearchAction\",\"target\":{\"@type\":\"EntryPoint\",\"urlTemplate\":\"https:\/\/www.motivonclinic.com\/en\/?s={search_term_string}\"},\"query-input\":{\"@type\":\"PropertyValueSpecification\",\"valueRequired\":true,\"valueName\":\"search_term_string\"}}],\"inLanguage\":\"de\"}]}<\/script>\n<!-- \/ Yoast SEO plugin. -->","yoast_head_json":{"title":"Brustvergr\u00f6\u00dferung - Motivon Clinic","robots":{"index":"index","follow":"follow","max-snippet":"max-snippet:-1","max-image-preview":"max-image-preview:large","max-video-preview":"max-video-preview:-1"},"canonical":"https:\/\/www.motivonclinic.com\/de\/zvacsenie-prsnikov\/","og_locale":"de_DE","og_type":"article","og_title":"Brustvergr\u00f6\u00dferung - Motivon Clinic","og_description":"[vc_row content_placement=&#8220;top&#8220; css=&#8220;.vc_custom_1619736985641{padding-bottom: 40px !important;}&#8220;][vc_column width=&#8220;2\/5&#8243;][\/vc_column][vc_column width=&#8220;3\/5&#8243;][vc_column_text el_class=&#8220;title-with-line&#8220;] Brustvergr\u00f6\u00dferung [\/vc_column_text][vc_column_text]Die Korrektur der Brustform und -gr\u00f6\u00dfe mit Silikonimplantaten geh\u00f6rt zu den beliebtesten Eingriffen der \u00e4sthetischen Medizin. Die Brustvergr\u00f6\u00dferung, fachlich auch als augmentative Mammaplastik genannt, beruht in der chirurgischen Einsetzung der Implantate hinter das Brustgewebe. Die Operation dauert ungef\u00e4hr eine bis eineinhalb Stunden und wird mit Vollnarkose&hellip;","og_url":"https:\/\/www.motivonclinic.com\/zvacsenie-prsnikov\/","og_site_name":"Motivon Clinic","article_modified_time":"2021-11-15T14:42:46+00:00","twitter_card":"summary_large_image","twitter_misc":{"Gesch\u00e4tzte Lesezeit":"1\u00a0Minute"},"schema":{"@context":"https:\/\/schema.org","@graph":[{"@type":"WebPage","@id":"https:\/\/www.motivonclinic.com\/zvacsenie-prsnikov\/","url":"https:\/\/www.motivonclinic.com\/zvacsenie-prsnikov\/","name":"Brustvergr\u00f6\u00dferung - Motivon Clinic","isPartOf":{"@id":"https:\/\/www.motivonclinic.com\/en\/#website"},"datePublished":"2021-06-22T21:59:09+00:00","dateModified":"2021-11-15T14:42:46+00:00","breadcrumb":{"@id":"https:\/\/www.motivonclinic.com\/zvacsenie-prsnikov\/#breadcrumb"},"inLanguage":"de","potentialAction":[{"@type":"ReadAction","target":["https:\/\/www.motivonclinic.com\/zvacsenie-prsnikov\/"]}]},{"@type":"BreadcrumbList","@id":"https:\/\/www.motivonclinic.com\/zvacsenie-prsnikov\/#breadcrumb","itemListElement":[{"@type":"ListItem","position":1,"name":"Domovsk\u00e1 str\u00e1nka","item":"https:\/\/www.motivonclinic.com\/"},{"@type":"ListItem","position":2,"name":"Brustvergr\u00f6\u00dferung"}]},{"@type":"WebSite","@id":"https:\/\/www.motivonclinic.com\/en\/#website","url":"https:\/\/www.motivonclinic.com\/en\/","name":"Motivon Clinic","description":"","potentialAction":[{"@type":"SearchAction","target":{"@type":"EntryPoint","urlTemplate":"https:\/\/www.motivonclinic.com\/en\/?s={search_term_string}"},"query-input":{"@type":"PropertyValueSpecification","valueRequired":true,"valueName":"search_term_string"}}],"inLanguage":"de"}]}},"_links":{"self":[{"href":"https:\/\/www.motivonclinic.com\/de\/wp-json\/wp\/v2\/pages\/597","targetHints":{"allow":["GET"]}}],"collection":[{"href":"https:\/\/www.motivonclinic.com\/de\/wp-json\/wp\/v2\/pages"}],"about":[{"href":"https:\/\/www.motivonclinic.com\/de\/wp-json\/wp\/v2\/types\/page"}],"author":[{"embeddable":true,"href":"https:\/\/www.motivonclinic.com\/de\/wp-json\/wp\/v2\/users\/1"}],"replies":[{"embeddable":true,"href":"https:\/\/www.motivonclinic.com\/de\/wp-json\/wp\/v2\/comments?post=597"}],"version-history":[{"count":2,"href":"https:\/\/www.motivonclinic.com\/de\/wp-json\/wp\/v2\/pages\/597\/revisions"}],"predecessor-version":[{"id":737,"href":"https:\/\/www.motivonclinic.com\/de\/wp-json\/wp\/v2\/pages\/597\/revisions\/737"}],"wp:attachment":[{"href":"https:\/\/www.motivonclinic.com\/de\/wp-json\/wp\/v2\/media?parent=597"}],"curies":[{"name":"wp","href":"https:\/\/api.w.org\/{rel}","templated":true}]}}