{"id":601,"date":"2021-06-23T00:00:55","date_gmt":"2021-06-22T22:00:55","guid":{"rendered":"https:\/\/www.motivonclinic.com\/redukcna-mammaplastika\/"},"modified":"2021-11-15T15:53:35","modified_gmt":"2021-11-15T14:53:35","slug":"reduktionsmammaplastik","status":"publish","type":"page","link":"https:\/\/www.motivonclinic.com\/de\/reduktionsmammaplastik\/","title":{"rendered":"Reduktionsmammaplastik"},"content":{"rendered":"[vc_row content_placement=&#8220;top&#8220; css=&#8220;.vc_custom_1619736985641{padding-bottom: 40px !important;}&#8220;][vc_column width=&#8220;2\/5&#8243;]\t<div id=\"thb-image-69ece6ffbbca0\" class=\"caption-style1  aligncenter full  thb_image_link wp-caption \">\n\t\t\t<div class=\"thb-image-inner size_100\">\n\t\t\t<img loading=\"lazy\" decoding=\"async\" width=\"960\" height=\"960\" src=\"https:\/\/www.motivonclinic.com\/wp-content\/uploads\/2021\/04\/image-tvar-vrasky.jpg\" class=\"thb_image    attachment-full\" alt=\"\" srcset=\"https:\/\/www.motivonclinic.com\/wp-content\/uploads\/2021\/04\/image-tvar-vrasky.jpg 960w, https:\/\/www.motivonclinic.com\/wp-content\/uploads\/2021\/04\/image-tvar-vrasky-300x300.jpg 300w, https:\/\/www.motivonclinic.com\/wp-content\/uploads\/2021\/04\/image-tvar-vrasky-100x100.jpg 100w, https:\/\/www.motivonclinic.com\/wp-content\/uploads\/2021\/04\/image-tvar-vrasky-600x600.jpg 600w, https:\/\/www.motivonclinic.com\/wp-content\/uploads\/2021\/04\/image-tvar-vrasky-150x150.jpg 150w, https:\/\/www.motivonclinic.com\/wp-content\/uploads\/2021\/04\/image-tvar-vrasky-768x768.jpg 768w, https:\/\/www.motivonclinic.com\/wp-content\/uploads\/2021\/04\/image-tvar-vrasky-180x180.jpg 180w, https:\/\/www.motivonclinic.com\/wp-content\/uploads\/2021\/04\/image-tvar-vrasky-855x855.jpg 855w, https:\/\/www.motivonclinic.com\/wp-content\/uploads\/2021\/04\/image-tvar-vrasky-20x20.jpg 20w, https:\/\/www.motivonclinic.com\/wp-content\/uploads\/2021\/04\/image-tvar-vrasky-290x290.jpg 290w\" sizes=\"auto, (max-width: 960px) 100vw, 960px\" \/>\t\t\t\t\t<\/div>\n\t\t\t\t\t<\/div>\n  [\/vc_column][vc_column width=&#8220;3\/5&#8243;][vc_column_text el_class=&#8220;title-with-line&#8220;]\n<h1>Reduktionsmammaplastik<\/h1>\n[\/vc_column_text][vc_column_text]Die Reduktionsmammaplastik ist auf die Verkleinerung einer \u00fcberm\u00e4\u00dfig gro\u00dfen Brust gerichtet. Viele Frauen entscheiden sich f\u00fcr diesen Eingriff aus \u00e4sthetischen und gesundheitlichen Gr\u00fcnden. Die Operation hilft den Frauen mit gro\u00dfen Br\u00fcsten, zum Beispiel Schwellungen der unteren Extremit\u00e4ten, h\u00e4ufige Kopf- und R\u00fcckenschmerzen sowie Atem- und Hautprobleme zu beseitigen. Die chirurgische Verkleinerung der Brust dauert zwei bis drei Stunden und wird mit Vollnarkose durchgef\u00fchrt. Die Kundin verl\u00e4sst die Klinik gleich am n\u00e4chsten Tag nach dem Eingriff. Die Entfernung der F\u00e4den erfolgt in zehn bis vierzehn Tagen. Nach dem Eingriff muss sechs Wochen lang ein speziell angepasster BH getragen werden. An operierten Stellen bleiben nur unauff\u00e4llige Narben. Das Ergebnis ist dauerhaft.[\/vc_column_text][vc_empty_space height=&#8220;40px&#8220;]\t<a id=\"thb-button-69ece6ffbc65f\" class=\"btn style2 medium  accent no-radius animation fade-in  \" href=\"\/de\/kontakt\/\" target=\"_self\" role=\"button\">\n\t  <span>Vereinbaren Sie einen Termin.<\/span><\/a>\n  [\/vc_column][\/vc_row][vc_row][vc_column][vc_empty_space height=&#8220;20px&#8220;][vc_row_inner thb_max_width=&#8220;&#8220;][vc_column_inner width=&#8220;1\/3&#8243;]\t<div id=\"thb-iconbox-69ece6ffbc6ea\" class=\"thb-iconbox left type1 icon-box-zakroky has-img   animation-off\" data-animation_speed=\"1.5\">\n\t\t\t\t<figure>\n\t\t\t\t\t\t\t<div class=\"iconbox-image\">\n\t\t\t\t\t<img loading=\"lazy\" decoding=\"async\" width=\"500\" height=\"500\" src=\"https:\/\/www.motivonclinic.com\/wp-content\/uploads\/2021\/06\/icon-dlzkazakroku.svg\" class=\"thb_image attachment-full\" alt=\"\" \/>\t\t\t\t\t\t\t\t\t<\/div>\n\t\t\t\t\t\t\t\t\t\t\t<\/figure>\n\t\t\t\t<div class=\"iconbox-content\">\n\t\t\t<h5>Dauer des Eingriffs<\/h5>\t\t\t<p>2 \u2013 3 Stunden<\/p>\n\t\t\t\t\t<\/div>\n\t\t<style>\n\t\t\t\t\t\t\t\t\t\t\t\t\t\t\t\t\t\t\t#thb-iconbox-69ece6ffbc6ea.thb-iconbox .iconbox-image img {\n\t\t\t\t\twidth: 35px;\n\t\t\t\t\theight: auto;\n\t\t\t\t}\n\t\t\t\t\t\t\t\t\t\t\t\t\/* Hover *\/\n\t\t\t\t\t\t\t\t\t\t\t<\/style>\n\t<\/div>\n\t\t<div id=\"thb-iconbox-69ece6ffbd15c\" class=\"thb-iconbox left type1 icon-box-zakroky has-img   animation-off\" data-animation_speed=\"1.5\">\n\t\t\t\t<figure>\n\t\t\t\t\t\t\t<div class=\"iconbox-image\">\n\t\t\t\t\t<img loading=\"lazy\" decoding=\"async\" width=\"512\" height=\"512\" src=\"https:\/\/www.motivonclinic.com\/wp-content\/uploads\/2021\/06\/icon-anestezia.svg\" class=\"thb_image attachment-full\" alt=\"\" \/>\t\t\t\t\t\t\t\t\t<\/div>\n\t\t\t\t\t\t\t\t\t\t\t<\/figure>\n\t\t\t\t<div class=\"iconbox-content\">\n\t\t\t<h5>An\u00e4sthesie<\/h5>\t\t\t<p>Vollnarkose<\/p>\n\t\t\t\t\t<\/div>\n\t\t<style>\n\t\t\t\t\t\t\t\t\t\t\t\t\t\t\t\t\t\t\t#thb-iconbox-69ece6ffbd15c.thb-iconbox .iconbox-image img {\n\t\t\t\t\twidth: 35px;\n\t\t\t\t\theight: auto;\n\t\t\t\t}\n\t\t\t\t\t\t\t\t\t\t\t\t\/* Hover *\/\n\t\t\t\t\t\t\t\t\t\t\t<\/style>\n\t<\/div>\n\t[\/vc_column_inner][vc_column_inner width=&#8220;1\/3&#8243;]\t<div id=\"thb-iconbox-69ece6ffbdbb9\" class=\"thb-iconbox left type1 icon-box-zakroky has-img   animation-off\" data-animation_speed=\"1.5\">\n\t\t\t\t<figure>\n\t\t\t\t\t\t\t<div class=\"iconbox-image\">\n\t\t\t\t\t<img loading=\"lazy\" decoding=\"async\" width=\"512\" height=\"512\" src=\"https:\/\/www.motivonclinic.com\/wp-content\/uploads\/2021\/06\/icon-odchod.svg\" class=\"thb_image attachment-full\" alt=\"\" \/>\t\t\t\t\t\t\t\t\t<\/div>\n\t\t\t\t\t\t\t\t\t\t\t<\/figure>\n\t\t\t\t<div class=\"iconbox-content\">\n\t\t\t<h5>Entlassung aus der Klinik<\/h5>\t\t\t<p>nach 1 Tag<\/p>\n\t\t\t\t\t<\/div>\n\t\t<style>\n\t\t\t\t\t\t\t\t\t\t\t\t\t\t\t\t\t\t\t#thb-iconbox-69ece6ffbdbb9.thb-iconbox .iconbox-image img {\n\t\t\t\t\twidth: 35px;\n\t\t\t\t\theight: auto;\n\t\t\t\t}\n\t\t\t\t\t\t\t\t\t\t\t\t\/* Hover *\/\n\t\t\t\t\t\t\t\t\t\t\t<\/style>\n\t<\/div>\n\t\t<div id=\"thb-iconbox-69ece6ffbe7e0\" class=\"thb-iconbox left type1 icon-box-zakroky has-img   animation-off\" data-animation_speed=\"1.5\">\n\t\t\t\t<figure>\n\t\t\t\t\t\t\t<div class=\"iconbox-image\">\n\t\t\t\t\t<img loading=\"lazy\" decoding=\"async\" width=\"495\" height=\"495\" src=\"https:\/\/www.motivonclinic.com\/wp-content\/uploads\/2021\/06\/icon-stehy.svg\" class=\"thb_image attachment-full\" alt=\"\" \/>\t\t\t\t\t\t\t\t\t<\/div>\n\t\t\t\t\t\t\t\t\t\t\t<\/figure>\n\t\t\t\t<div class=\"iconbox-content\">\n\t\t\t<h5>Fadenentfernung<\/h5>\t\t\t<p>nach 10 \u2013 14 Tagen<\/p>\n\t\t\t\t\t<\/div>\n\t\t<style>\n\t\t\t\t\t\t\t\t\t\t\t\t\t\t\t\t\t\t\t#thb-iconbox-69ece6ffbe7e0.thb-iconbox .iconbox-image img {\n\t\t\t\t\twidth: 35px;\n\t\t\t\t\theight: auto;\n\t\t\t\t}\n\t\t\t\t\t\t\t\t\t\t\t\t\/* Hover *\/\n\t\t\t\t\t\t\t\t\t\t\t<\/style>\n\t<\/div>\n\t[\/vc_column_inner][vc_column_inner width=&#8220;1\/3&#8243;]\t<div id=\"thb-iconbox-69ece6ffbf489\" class=\"thb-iconbox left type1 icon-box-zakroky has-img   animation-off\" data-animation_speed=\"1.5\">\n\t\t\t\t<figure>\n\t\t\t\t\t\t\t<div class=\"iconbox-image\">\n\t\t\t\t\t<img loading=\"lazy\" decoding=\"async\" width=\"512\" height=\"512\" src=\"https:\/\/www.motivonclinic.com\/wp-content\/uploads\/2021\/06\/icon-stopy.svg\" class=\"thb_image attachment-full\" alt=\"\" \/>\t\t\t\t\t\t\t\t\t<\/div>\n\t\t\t\t\t\t\t\t\t\t\t<\/figure>\n\t\t\t\t<div class=\"iconbox-content\">\n\t\t\t<h5>Spuren<\/h5>\t\t\t<p>feine Narben<\/p>\n\t\t\t\t\t<\/div>\n\t\t<style>\n\t\t\t\t\t\t\t\t\t\t\t\t\t\t\t\t\t\t\t#thb-iconbox-69ece6ffbf489.thb-iconbox .iconbox-image img {\n\t\t\t\t\twidth: 35px;\n\t\t\t\t\theight: auto;\n\t\t\t\t}\n\t\t\t\t\t\t\t\t\t\t\t\t\/* Hover *\/\n\t\t\t\t\t\t\t\t\t\t\t<\/style>\n\t<\/div>\n\t\t<div id=\"thb-iconbox-69ece6ffc001e\" class=\"thb-iconbox left type1 icon-box-zakroky has-img   animation-off\" data-animation_speed=\"1.5\">\n\t\t\t\t<figure>\n\t\t\t\t\t\t\t<div class=\"iconbox-image\">\n\t\t\t\t\t<img loading=\"lazy\" decoding=\"async\" width=\"496\" height=\"496\" src=\"https:\/\/www.motivonclinic.com\/wp-content\/uploads\/2021\/06\/icon-vysledok.svg\" class=\"thb_image attachment-full\" alt=\"\" \/>\t\t\t\t\t\t\t\t\t<\/div>\n\t\t\t\t\t\t\t\t\t\t\t<\/figure>\n\t\t\t\t<div class=\"iconbox-content\">\n\t\t\t<h5>Ergebnis<\/h5>\t\t\t<p>dauerhaft<\/p>\n\t\t\t\t\t<\/div>\n\t\t<style>\n\t\t\t\t\t\t\t\t\t\t\t\t\t\t\t\t\t\t\t#thb-iconbox-69ece6ffc001e.thb-iconbox .iconbox-image img {\n\t\t\t\t\twidth: 35px;\n\t\t\t\t\theight: auto;\n\t\t\t\t}\n\t\t\t\t\t\t\t\t\t\t\t\t\/* Hover *\/\n\t\t\t\t\t\t\t\t\t\t\t<\/style>\n\t<\/div>\n\t[\/vc_column_inner][\/vc_row_inner][vc_empty_space height=&#8220;40px&#8220;][\/vc_column][\/vc_row]\n","protected":false},"excerpt":{"rendered":"<p>[vc_row content_placement=&#8220;top&#8220; css=&#8220;.vc_custom_1619736985641{padding-bottom: 40px !important;}&#8220;][vc_column width=&#8220;2\/5&#8243;][\/vc_column][vc_column width=&#8220;3\/5&#8243;][vc_column_text el_class=&#8220;title-with-line&#8220;] Reduktionsmammaplastik [\/vc_column_text][vc_column_text]Die Reduktionsmammaplastik ist auf die Verkleinerung einer \u00fcberm\u00e4\u00dfig gro\u00dfen Brust gerichtet. Viele Frauen entscheiden sich f\u00fcr diesen Eingriff aus \u00e4sthetischen und gesundheitlichen Gr\u00fcnden. Die Operation hilft den Frauen mit gro\u00dfen Br\u00fcsten, zum Beispiel Schwellungen der unteren Extremit\u00e4ten, h\u00e4ufige Kopf- und R\u00fcckenschmerzen sowie Atem- und Hautprobleme zu&hellip;<\/p>\n","protected":false},"author":1,"featured_media":0,"parent":0,"menu_order":0,"comment_status":"closed","ping_status":"closed","template":"page-default.php","meta":{"inline_featured_image":false,"footnotes":""},"class_list":["post-601","page","type-page","status-publish","hentry"],"yoast_head":"<!-- This site is optimized with the Yoast SEO plugin v24.8.1 - https:\/\/yoast.com\/wordpress\/plugins\/seo\/ -->\n<title>Reduktionsmammaplastik - Motivon Clinic<\/title>\n<meta name=\"robots\" content=\"index, follow, max-snippet:-1, max-image-preview:large, max-video-preview:-1\" \/>\n<link rel=\"canonical\" href=\"https:\/\/www.motivonclinic.com\/de\/redukcna-mammaplastika\/\" \/>\n<meta property=\"og:locale\" content=\"de_DE\" \/>\n<meta property=\"og:type\" content=\"article\" \/>\n<meta property=\"og:title\" content=\"Reduktionsmammaplastik - Motivon Clinic\" \/>\n<meta property=\"og:description\" content=\"[vc_row content_placement=&#8220;top&#8220; css=&#8220;.vc_custom_1619736985641{padding-bottom: 40px !important;}&#8220;][vc_column width=&#8220;2\/5&#8243;][\/vc_column][vc_column width=&#8220;3\/5&#8243;][vc_column_text el_class=&#8220;title-with-line&#8220;] Reduktionsmammaplastik [\/vc_column_text][vc_column_text]Die Reduktionsmammaplastik ist auf die Verkleinerung einer \u00fcberm\u00e4\u00dfig gro\u00dfen Brust gerichtet. Viele Frauen entscheiden sich f\u00fcr diesen Eingriff aus \u00e4sthetischen und gesundheitlichen Gr\u00fcnden. Die Operation hilft den Frauen mit gro\u00dfen Br\u00fcsten, zum Beispiel Schwellungen der unteren Extremit\u00e4ten, h\u00e4ufige Kopf- und R\u00fcckenschmerzen sowie Atem- und Hautprobleme zu&hellip;\" \/>\n<meta property=\"og:url\" content=\"https:\/\/www.motivonclinic.com\/redukcna-mammaplastika\/\" \/>\n<meta property=\"og:site_name\" content=\"Motivon Clinic\" \/>\n<meta property=\"article:modified_time\" content=\"2021-11-15T14:53:35+00:00\" \/>\n<meta name=\"twitter:card\" content=\"summary_large_image\" \/>\n<meta name=\"twitter:label1\" content=\"Gesch\u00e4tzte Lesezeit\" \/>\n\t<meta name=\"twitter:data1\" content=\"1\u00a0Minute\" \/>\n<script type=\"application\/ld+json\" class=\"yoast-schema-graph\">{\"@context\":\"https:\/\/schema.org\",\"@graph\":[{\"@type\":\"WebPage\",\"@id\":\"https:\/\/www.motivonclinic.com\/redukcna-mammaplastika\/\",\"url\":\"https:\/\/www.motivonclinic.com\/redukcna-mammaplastika\/\",\"name\":\"Reduktionsmammaplastik - Motivon Clinic\",\"isPartOf\":{\"@id\":\"https:\/\/www.motivonclinic.com\/en\/#website\"},\"datePublished\":\"2021-06-22T22:00:55+00:00\",\"dateModified\":\"2021-11-15T14:53:35+00:00\",\"breadcrumb\":{\"@id\":\"https:\/\/www.motivonclinic.com\/redukcna-mammaplastika\/#breadcrumb\"},\"inLanguage\":\"de\",\"potentialAction\":[{\"@type\":\"ReadAction\",\"target\":[\"https:\/\/www.motivonclinic.com\/redukcna-mammaplastika\/\"]}]},{\"@type\":\"BreadcrumbList\",\"@id\":\"https:\/\/www.motivonclinic.com\/redukcna-mammaplastika\/#breadcrumb\",\"itemListElement\":[{\"@type\":\"ListItem\",\"position\":1,\"name\":\"Domovsk\u00e1 str\u00e1nka\",\"item\":\"https:\/\/www.motivonclinic.com\/\"},{\"@type\":\"ListItem\",\"position\":2,\"name\":\"Reduktionsmammaplastik\"}]},{\"@type\":\"WebSite\",\"@id\":\"https:\/\/www.motivonclinic.com\/en\/#website\",\"url\":\"https:\/\/www.motivonclinic.com\/en\/\",\"name\":\"Motivon Clinic\",\"description\":\"\",\"potentialAction\":[{\"@type\":\"SearchAction\",\"target\":{\"@type\":\"EntryPoint\",\"urlTemplate\":\"https:\/\/www.motivonclinic.com\/en\/?s={search_term_string}\"},\"query-input\":{\"@type\":\"PropertyValueSpecification\",\"valueRequired\":true,\"valueName\":\"search_term_string\"}}],\"inLanguage\":\"de\"}]}<\/script>\n<!-- \/ Yoast SEO plugin. -->","yoast_head_json":{"title":"Reduktionsmammaplastik - Motivon Clinic","robots":{"index":"index","follow":"follow","max-snippet":"max-snippet:-1","max-image-preview":"max-image-preview:large","max-video-preview":"max-video-preview:-1"},"canonical":"https:\/\/www.motivonclinic.com\/de\/redukcna-mammaplastika\/","og_locale":"de_DE","og_type":"article","og_title":"Reduktionsmammaplastik - Motivon Clinic","og_description":"[vc_row content_placement=&#8220;top&#8220; css=&#8220;.vc_custom_1619736985641{padding-bottom: 40px !important;}&#8220;][vc_column width=&#8220;2\/5&#8243;][\/vc_column][vc_column width=&#8220;3\/5&#8243;][vc_column_text el_class=&#8220;title-with-line&#8220;] Reduktionsmammaplastik [\/vc_column_text][vc_column_text]Die Reduktionsmammaplastik ist auf die Verkleinerung einer \u00fcberm\u00e4\u00dfig gro\u00dfen Brust gerichtet. Viele Frauen entscheiden sich f\u00fcr diesen Eingriff aus \u00e4sthetischen und gesundheitlichen Gr\u00fcnden. Die Operation hilft den Frauen mit gro\u00dfen Br\u00fcsten, zum Beispiel Schwellungen der unteren Extremit\u00e4ten, h\u00e4ufige Kopf- und R\u00fcckenschmerzen sowie Atem- und Hautprobleme zu&hellip;","og_url":"https:\/\/www.motivonclinic.com\/redukcna-mammaplastika\/","og_site_name":"Motivon Clinic","article_modified_time":"2021-11-15T14:53:35+00:00","twitter_card":"summary_large_image","twitter_misc":{"Gesch\u00e4tzte Lesezeit":"1\u00a0Minute"},"schema":{"@context":"https:\/\/schema.org","@graph":[{"@type":"WebPage","@id":"https:\/\/www.motivonclinic.com\/redukcna-mammaplastika\/","url":"https:\/\/www.motivonclinic.com\/redukcna-mammaplastika\/","name":"Reduktionsmammaplastik - Motivon Clinic","isPartOf":{"@id":"https:\/\/www.motivonclinic.com\/en\/#website"},"datePublished":"2021-06-22T22:00:55+00:00","dateModified":"2021-11-15T14:53:35+00:00","breadcrumb":{"@id":"https:\/\/www.motivonclinic.com\/redukcna-mammaplastika\/#breadcrumb"},"inLanguage":"de","potentialAction":[{"@type":"ReadAction","target":["https:\/\/www.motivonclinic.com\/redukcna-mammaplastika\/"]}]},{"@type":"BreadcrumbList","@id":"https:\/\/www.motivonclinic.com\/redukcna-mammaplastika\/#breadcrumb","itemListElement":[{"@type":"ListItem","position":1,"name":"Domovsk\u00e1 str\u00e1nka","item":"https:\/\/www.motivonclinic.com\/"},{"@type":"ListItem","position":2,"name":"Reduktionsmammaplastik"}]},{"@type":"WebSite","@id":"https:\/\/www.motivonclinic.com\/en\/#website","url":"https:\/\/www.motivonclinic.com\/en\/","name":"Motivon Clinic","description":"","potentialAction":[{"@type":"SearchAction","target":{"@type":"EntryPoint","urlTemplate":"https:\/\/www.motivonclinic.com\/en\/?s={search_term_string}"},"query-input":{"@type":"PropertyValueSpecification","valueRequired":true,"valueName":"search_term_string"}}],"inLanguage":"de"}]}},"_links":{"self":[{"href":"https:\/\/www.motivonclinic.com\/de\/wp-json\/wp\/v2\/pages\/601","targetHints":{"allow":["GET"]}}],"collection":[{"href":"https:\/\/www.motivonclinic.com\/de\/wp-json\/wp\/v2\/pages"}],"about":[{"href":"https:\/\/www.motivonclinic.com\/de\/wp-json\/wp\/v2\/types\/page"}],"author":[{"embeddable":true,"href":"https:\/\/www.motivonclinic.com\/de\/wp-json\/wp\/v2\/users\/1"}],"replies":[{"embeddable":true,"href":"https:\/\/www.motivonclinic.com\/de\/wp-json\/wp\/v2\/comments?post=601"}],"version-history":[{"count":2,"href":"https:\/\/www.motivonclinic.com\/de\/wp-json\/wp\/v2\/pages\/601\/revisions"}],"predecessor-version":[{"id":739,"href":"https:\/\/www.motivonclinic.com\/de\/wp-json\/wp\/v2\/pages\/601\/revisions\/739"}],"wp:attachment":[{"href":"https:\/\/www.motivonclinic.com\/de\/wp-json\/wp\/v2\/media?parent=601"}],"curies":[{"name":"wp","href":"https:\/\/api.w.org\/{rel}","templated":true}]}}