{"id":637,"date":"2021-06-22T23:41:48","date_gmt":"2021-06-22T21:41:48","guid":{"rendered":"https:\/\/www.motivonclinic.com\/uprava-ruk-vlastnym-tukom\/"},"modified":"2021-11-15T21:19:11","modified_gmt":"2021-11-15T20:19:11","slug":"handverjuengung-mit-eigenfett","status":"publish","type":"page","link":"https:\/\/www.motivonclinic.com\/de\/handverjuengung-mit-eigenfett\/","title":{"rendered":"Handverj\u00fcngung mit Eigenfett"},"content":{"rendered":"[vc_row content_placement=&#8220;top&#8220; css=&#8220;.vc_custom_1619736985641{padding-bottom: 40px !important;}&#8220;][vc_column width=&#8220;2\/5&#8243;]\t<div id=\"thb-image-69ece732f2d31\" class=\"caption-style1  aligncenter full  thb_image_link wp-caption \">\n\t\t\t<div class=\"thb-image-inner size_100\">\n\t\t\t<img loading=\"lazy\" decoding=\"async\" width=\"960\" height=\"960\" src=\"https:\/\/www.motivonclinic.com\/wp-content\/uploads\/2021\/04\/image-tvar-vrasky.jpg\" class=\"thb_image    attachment-full\" alt=\"\" srcset=\"https:\/\/www.motivonclinic.com\/wp-content\/uploads\/2021\/04\/image-tvar-vrasky.jpg 960w, https:\/\/www.motivonclinic.com\/wp-content\/uploads\/2021\/04\/image-tvar-vrasky-300x300.jpg 300w, https:\/\/www.motivonclinic.com\/wp-content\/uploads\/2021\/04\/image-tvar-vrasky-100x100.jpg 100w, https:\/\/www.motivonclinic.com\/wp-content\/uploads\/2021\/04\/image-tvar-vrasky-600x600.jpg 600w, https:\/\/www.motivonclinic.com\/wp-content\/uploads\/2021\/04\/image-tvar-vrasky-150x150.jpg 150w, https:\/\/www.motivonclinic.com\/wp-content\/uploads\/2021\/04\/image-tvar-vrasky-768x768.jpg 768w, https:\/\/www.motivonclinic.com\/wp-content\/uploads\/2021\/04\/image-tvar-vrasky-180x180.jpg 180w, https:\/\/www.motivonclinic.com\/wp-content\/uploads\/2021\/04\/image-tvar-vrasky-855x855.jpg 855w, https:\/\/www.motivonclinic.com\/wp-content\/uploads\/2021\/04\/image-tvar-vrasky-20x20.jpg 20w, https:\/\/www.motivonclinic.com\/wp-content\/uploads\/2021\/04\/image-tvar-vrasky-290x290.jpg 290w\" sizes=\"auto, (max-width: 960px) 100vw, 960px\" \/>\t\t\t\t\t<\/div>\n\t\t\t\t\t<\/div>\n  [\/vc_column][vc_column width=&#8220;3\/5&#8243;][vc_column_text el_class=&#8220;title-with-line&#8220;]\n<h1>Handverj\u00fcngung mit Eigenfett<\/h1>\n[\/vc_column_text][vc_column_text]\u00c4sthetische Korrektur der H\u00e4nde mit Eigenfett ist eine der m\u00f6glichen Methoden des Lipofillings. Dabei wird eine kleine Fettmenge aus dem Oberschenkel oder Unterbauch abgesaugt (Liposuktion), gereinigt und anschlie\u00dfend in die Unterhaut des Handr\u00fcckens appliziert. Mit diesem Eingriff wird das jugendliche Aussehen der H\u00e4nde wiederhergestellt und sichtbare Sehnen, Knochen und Blutgef\u00e4\u00dfe \u00fcberdeckt. Die Operation des Handr\u00fcckens dauert ungef\u00e4hr eine bis eineinhalb Stunden und wird mit Lokalan\u00e4sthesie durchgef\u00fchrt. Die Kundin\/der Kunde kann die Klinik sofort nach dem Eingriff verlassen. Es wird resorbierbares Nahtmaterial verwendet. Kleinere Schwellungen und Bluterg\u00fcsse verschwinden nach einer oder zwei Wochen. Eine kleine Menge des applizierten Fetts wird resorbiert, deshalb muss der Eingriff ungef\u00e4hr nach drei bis sechs Monaten wiederholt werden. Das endg\u00fcltige Ergebnis h\u00e4lt langfristig.[\/vc_column_text][vc_empty_space height=&#8220;40px&#8220;]\t<a id=\"thb-button-69ece7330035a\" class=\"btn style2 medium  accent no-radius animation fade-in  \" href=\"\/de\/kontakt\/\" target=\"_self\" role=\"button\">\n\t  <span>Vereinbaren Sie einen Termin.<\/span><\/a>\n  [\/vc_column][\/vc_row][vc_row][vc_column][vc_empty_space height=&#8220;20px&#8220;][vc_row_inner thb_max_width=&#8220;&#8220;][vc_column_inner width=&#8220;1\/3&#8243;]\t<div id=\"thb-iconbox-69ece733003db\" class=\"thb-iconbox left type1 icon-box-zakroky has-img   animation-off\" data-animation_speed=\"1.5\">\n\t\t\t\t<figure>\n\t\t\t\t\t\t\t<div class=\"iconbox-image\">\n\t\t\t\t\t<img loading=\"lazy\" decoding=\"async\" width=\"500\" height=\"500\" src=\"https:\/\/www.motivonclinic.com\/wp-content\/uploads\/2021\/06\/icon-dlzkazakroku.svg\" class=\"thb_image attachment-full\" alt=\"\" \/>\t\t\t\t\t\t\t\t\t<\/div>\n\t\t\t\t\t\t\t\t\t\t\t<\/figure>\n\t\t\t\t<div class=\"iconbox-content\">\n\t\t\t<h5>Dauer des Eingriffs<\/h5>\t\t\t<p>60 \u2013 90 Minuten<\/p>\n\t\t\t\t\t<\/div>\n\t\t<style>\n\t\t\t\t\t\t\t\t\t\t\t\t\t\t\t\t\t\t\t#thb-iconbox-69ece733003db.thb-iconbox .iconbox-image img {\n\t\t\t\t\twidth: 35px;\n\t\t\t\t\theight: auto;\n\t\t\t\t}\n\t\t\t\t\t\t\t\t\t\t\t\t\/* Hover *\/\n\t\t\t\t\t\t\t\t\t\t\t<\/style>\n\t<\/div>\n\t\t<div id=\"thb-iconbox-69ece73301447\" class=\"thb-iconbox left type1 icon-box-zakroky has-img   animation-off\" data-animation_speed=\"1.5\">\n\t\t\t\t<figure>\n\t\t\t\t\t\t\t<div class=\"iconbox-image\">\n\t\t\t\t\t<img loading=\"lazy\" decoding=\"async\" width=\"512\" height=\"512\" src=\"https:\/\/www.motivonclinic.com\/wp-content\/uploads\/2021\/06\/icon-anestezia.svg\" class=\"thb_image attachment-full\" alt=\"\" \/>\t\t\t\t\t\t\t\t\t<\/div>\n\t\t\t\t\t\t\t\t\t\t\t<\/figure>\n\t\t\t\t<div class=\"iconbox-content\">\n\t\t\t<h5>An\u00e4sthesie<\/h5>\t\t\t<p>Lokalan\u00e4sthesie<\/p>\n\t\t\t\t\t<\/div>\n\t\t<style>\n\t\t\t\t\t\t\t\t\t\t\t\t\t\t\t\t\t\t\t#thb-iconbox-69ece73301447.thb-iconbox .iconbox-image img {\n\t\t\t\t\twidth: 35px;\n\t\t\t\t\theight: auto;\n\t\t\t\t}\n\t\t\t\t\t\t\t\t\t\t\t\t\/* Hover *\/\n\t\t\t\t\t\t\t\t\t\t\t<\/style>\n\t<\/div>\n\t[\/vc_column_inner][vc_column_inner width=&#8220;1\/3&#8243;]\t<div id=\"thb-iconbox-69ece733022bb\" class=\"thb-iconbox left type1 icon-box-zakroky has-img   animation-off\" data-animation_speed=\"1.5\">\n\t\t\t\t<figure>\n\t\t\t\t\t\t\t<div class=\"iconbox-image\">\n\t\t\t\t\t<img loading=\"lazy\" decoding=\"async\" width=\"512\" height=\"512\" src=\"https:\/\/www.motivonclinic.com\/wp-content\/uploads\/2021\/06\/icon-odchod.svg\" class=\"thb_image attachment-full\" alt=\"\" \/>\t\t\t\t\t\t\t\t\t<\/div>\n\t\t\t\t\t\t\t\t\t\t\t<\/figure>\n\t\t\t\t<div class=\"iconbox-content\">\n\t\t\t<h5>Entlassung aus der Klinik<\/h5>\t\t\t<p>sofort<\/p>\n\t\t\t\t\t<\/div>\n\t\t<style>\n\t\t\t\t\t\t\t\t\t\t\t\t\t\t\t\t\t\t\t#thb-iconbox-69ece733022bb.thb-iconbox .iconbox-image img {\n\t\t\t\t\twidth: 35px;\n\t\t\t\t\theight: auto;\n\t\t\t\t}\n\t\t\t\t\t\t\t\t\t\t\t\t\/* Hover *\/\n\t\t\t\t\t\t\t\t\t\t\t<\/style>\n\t<\/div>\n\t\t<div id=\"thb-iconbox-69ece733032d6\" class=\"thb-iconbox left type1 icon-box-zakroky has-img   animation-off\" data-animation_speed=\"1.5\">\n\t\t\t\t<figure>\n\t\t\t\t\t\t\t<div class=\"iconbox-image\">\n\t\t\t\t\t<img loading=\"lazy\" decoding=\"async\" width=\"495\" height=\"495\" src=\"https:\/\/www.motivonclinic.com\/wp-content\/uploads\/2021\/06\/icon-stehy.svg\" class=\"thb_image attachment-full\" alt=\"\" \/>\t\t\t\t\t\t\t\t\t<\/div>\n\t\t\t\t\t\t\t\t\t\t\t<\/figure>\n\t\t\t\t<div class=\"iconbox-content\">\n\t\t\t<h5>Fadenentfernung<\/h5>\t\t\t<p>resorbierbares Nahtmaterial<\/p>\n\t\t\t\t\t<\/div>\n\t\t<style>\n\t\t\t\t\t\t\t\t\t\t\t\t\t\t\t\t\t\t\t#thb-iconbox-69ece733032d6.thb-iconbox .iconbox-image img {\n\t\t\t\t\twidth: 35px;\n\t\t\t\t\theight: auto;\n\t\t\t\t}\n\t\t\t\t\t\t\t\t\t\t\t\t\/* Hover *\/\n\t\t\t\t\t\t\t\t\t\t\t<\/style>\n\t<\/div>\n\t[\/vc_column_inner][vc_column_inner width=&#8220;1\/3&#8243;]\t<div id=\"thb-iconbox-69ece7330498a\" class=\"thb-iconbox left type1 icon-box-zakroky has-img   animation-off\" data-animation_speed=\"1.5\">\n\t\t\t\t<figure>\n\t\t\t\t\t\t\t<div class=\"iconbox-image\">\n\t\t\t\t\t<img loading=\"lazy\" decoding=\"async\" width=\"512\" height=\"512\" src=\"https:\/\/www.motivonclinic.com\/wp-content\/uploads\/2021\/06\/icon-stopy.svg\" class=\"thb_image attachment-full\" alt=\"\" \/>\t\t\t\t\t\t\t\t\t<\/div>\n\t\t\t\t\t\t\t\t\t\t\t<\/figure>\n\t\t\t\t<div class=\"iconbox-content\">\n\t\t\t<h5>Spuren<\/h5>\t\t\t<p>Schwellungen und Bluterg\u00fcsse, die nach 1 - 2 Wochen zur\u00fcckgehen<\/p>\n\t\t\t\t\t<\/div>\n\t\t<style>\n\t\t\t\t\t\t\t\t\t\t\t\t\t\t\t\t\t\t\t#thb-iconbox-69ece7330498a.thb-iconbox .iconbox-image img {\n\t\t\t\t\twidth: 35px;\n\t\t\t\t\theight: auto;\n\t\t\t\t}\n\t\t\t\t\t\t\t\t\t\t\t\t\/* Hover *\/\n\t\t\t\t\t\t\t\t\t\t\t<\/style>\n\t<\/div>\n\t\t<div id=\"thb-iconbox-69ece73305bc1\" class=\"thb-iconbox left type1 icon-box-zakroky has-img   animation-off\" data-animation_speed=\"1.5\">\n\t\t\t\t<figure>\n\t\t\t\t\t\t\t<div class=\"iconbox-image\">\n\t\t\t\t\t<img loading=\"lazy\" decoding=\"async\" width=\"496\" height=\"496\" src=\"https:\/\/www.motivonclinic.com\/wp-content\/uploads\/2021\/06\/icon-vysledok.svg\" class=\"thb_image attachment-full\" alt=\"\" \/>\t\t\t\t\t\t\t\t\t<\/div>\n\t\t\t\t\t\t\t\t\t\t\t<\/figure>\n\t\t\t\t<div class=\"iconbox-content\">\n\t\t\t<h5>Ergebnis<\/h5>\t\t\t<p>langfristig<\/p>\n\t\t\t\t\t<\/div>\n\t\t<style>\n\t\t\t\t\t\t\t\t\t\t\t\t\t\t\t\t\t\t\t#thb-iconbox-69ece73305bc1.thb-iconbox .iconbox-image img {\n\t\t\t\t\twidth: 35px;\n\t\t\t\t\theight: auto;\n\t\t\t\t}\n\t\t\t\t\t\t\t\t\t\t\t\t\/* Hover *\/\n\t\t\t\t\t\t\t\t\t\t\t<\/style>\n\t<\/div>\n\t[\/vc_column_inner][\/vc_row_inner][vc_empty_space height=&#8220;40px&#8220;][\/vc_column][\/vc_row]\n","protected":false},"excerpt":{"rendered":"<p>[vc_row content_placement=&#8220;top&#8220; css=&#8220;.vc_custom_1619736985641{padding-bottom: 40px !important;}&#8220;][vc_column width=&#8220;2\/5&#8243;][\/vc_column][vc_column width=&#8220;3\/5&#8243;][vc_column_text el_class=&#8220;title-with-line&#8220;] Handverj\u00fcngung mit Eigenfett [\/vc_column_text][vc_column_text]\u00c4sthetische Korrektur der H\u00e4nde mit Eigenfett ist eine der m\u00f6glichen Methoden des Lipofillings. Dabei wird eine kleine Fettmenge aus dem Oberschenkel oder Unterbauch abgesaugt (Liposuktion), gereinigt und anschlie\u00dfend in die Unterhaut des Handr\u00fcckens appliziert. Mit diesem Eingriff wird das jugendliche Aussehen der H\u00e4nde wiederhergestellt&hellip;<\/p>\n","protected":false},"author":1,"featured_media":0,"parent":0,"menu_order":0,"comment_status":"closed","ping_status":"closed","template":"page-default.php","meta":{"inline_featured_image":false,"footnotes":""},"class_list":["post-637","page","type-page","status-publish","hentry"],"yoast_head":"<!-- This site is optimized with the Yoast SEO plugin v24.8.1 - https:\/\/yoast.com\/wordpress\/plugins\/seo\/ -->\n<title>Handverj\u00fcngung mit Eigenfett - Motivon Clinic<\/title>\n<meta name=\"robots\" content=\"index, follow, max-snippet:-1, max-image-preview:large, max-video-preview:-1\" \/>\n<link rel=\"canonical\" href=\"https:\/\/www.motivonclinic.com\/de\/uprava-ruk-vlastnym-tukom\/\" \/>\n<meta property=\"og:locale\" content=\"de_DE\" \/>\n<meta property=\"og:type\" content=\"article\" \/>\n<meta property=\"og:title\" content=\"Handverj\u00fcngung mit Eigenfett - Motivon Clinic\" \/>\n<meta property=\"og:description\" content=\"[vc_row content_placement=&#8220;top&#8220; css=&#8220;.vc_custom_1619736985641{padding-bottom: 40px !important;}&#8220;][vc_column width=&#8220;2\/5&#8243;][\/vc_column][vc_column width=&#8220;3\/5&#8243;][vc_column_text el_class=&#8220;title-with-line&#8220;] Handverj\u00fcngung mit Eigenfett [\/vc_column_text][vc_column_text]\u00c4sthetische Korrektur der H\u00e4nde mit Eigenfett ist eine der m\u00f6glichen Methoden des Lipofillings. Dabei wird eine kleine Fettmenge aus dem Oberschenkel oder Unterbauch abgesaugt (Liposuktion), gereinigt und anschlie\u00dfend in die Unterhaut des Handr\u00fcckens appliziert. Mit diesem Eingriff wird das jugendliche Aussehen der H\u00e4nde wiederhergestellt&hellip;\" \/>\n<meta property=\"og:url\" content=\"https:\/\/www.motivonclinic.com\/uprava-ruk-vlastnym-tukom\/\" \/>\n<meta property=\"og:site_name\" content=\"Motivon Clinic\" \/>\n<meta property=\"article:modified_time\" content=\"2021-11-15T20:19:11+00:00\" \/>\n<meta name=\"twitter:card\" content=\"summary_large_image\" \/>\n<meta name=\"twitter:label1\" content=\"Gesch\u00e4tzte Lesezeit\" \/>\n\t<meta name=\"twitter:data1\" content=\"1\u00a0Minute\" \/>\n<script type=\"application\/ld+json\" class=\"yoast-schema-graph\">{\"@context\":\"https:\/\/schema.org\",\"@graph\":[{\"@type\":\"WebPage\",\"@id\":\"https:\/\/www.motivonclinic.com\/uprava-ruk-vlastnym-tukom\/\",\"url\":\"https:\/\/www.motivonclinic.com\/uprava-ruk-vlastnym-tukom\/\",\"name\":\"Handverj\u00fcngung mit Eigenfett - Motivon Clinic\",\"isPartOf\":{\"@id\":\"https:\/\/www.motivonclinic.com\/en\/#website\"},\"datePublished\":\"2021-06-22T21:41:48+00:00\",\"dateModified\":\"2021-11-15T20:19:11+00:00\",\"breadcrumb\":{\"@id\":\"https:\/\/www.motivonclinic.com\/uprava-ruk-vlastnym-tukom\/#breadcrumb\"},\"inLanguage\":\"de\",\"potentialAction\":[{\"@type\":\"ReadAction\",\"target\":[\"https:\/\/www.motivonclinic.com\/uprava-ruk-vlastnym-tukom\/\"]}]},{\"@type\":\"BreadcrumbList\",\"@id\":\"https:\/\/www.motivonclinic.com\/uprava-ruk-vlastnym-tukom\/#breadcrumb\",\"itemListElement\":[{\"@type\":\"ListItem\",\"position\":1,\"name\":\"Domovsk\u00e1 str\u00e1nka\",\"item\":\"https:\/\/www.motivonclinic.com\/\"},{\"@type\":\"ListItem\",\"position\":2,\"name\":\"Handverj\u00fcngung mit Eigenfett\"}]},{\"@type\":\"WebSite\",\"@id\":\"https:\/\/www.motivonclinic.com\/en\/#website\",\"url\":\"https:\/\/www.motivonclinic.com\/en\/\",\"name\":\"Motivon Clinic\",\"description\":\"\",\"potentialAction\":[{\"@type\":\"SearchAction\",\"target\":{\"@type\":\"EntryPoint\",\"urlTemplate\":\"https:\/\/www.motivonclinic.com\/en\/?s={search_term_string}\"},\"query-input\":{\"@type\":\"PropertyValueSpecification\",\"valueRequired\":true,\"valueName\":\"search_term_string\"}}],\"inLanguage\":\"de\"}]}<\/script>\n<!-- \/ Yoast SEO plugin. -->","yoast_head_json":{"title":"Handverj\u00fcngung mit Eigenfett - Motivon Clinic","robots":{"index":"index","follow":"follow","max-snippet":"max-snippet:-1","max-image-preview":"max-image-preview:large","max-video-preview":"max-video-preview:-1"},"canonical":"https:\/\/www.motivonclinic.com\/de\/uprava-ruk-vlastnym-tukom\/","og_locale":"de_DE","og_type":"article","og_title":"Handverj\u00fcngung mit Eigenfett - Motivon Clinic","og_description":"[vc_row content_placement=&#8220;top&#8220; css=&#8220;.vc_custom_1619736985641{padding-bottom: 40px !important;}&#8220;][vc_column width=&#8220;2\/5&#8243;][\/vc_column][vc_column width=&#8220;3\/5&#8243;][vc_column_text el_class=&#8220;title-with-line&#8220;] Handverj\u00fcngung mit Eigenfett [\/vc_column_text][vc_column_text]\u00c4sthetische Korrektur der H\u00e4nde mit Eigenfett ist eine der m\u00f6glichen Methoden des Lipofillings. Dabei wird eine kleine Fettmenge aus dem Oberschenkel oder Unterbauch abgesaugt (Liposuktion), gereinigt und anschlie\u00dfend in die Unterhaut des Handr\u00fcckens appliziert. Mit diesem Eingriff wird das jugendliche Aussehen der H\u00e4nde wiederhergestellt&hellip;","og_url":"https:\/\/www.motivonclinic.com\/uprava-ruk-vlastnym-tukom\/","og_site_name":"Motivon Clinic","article_modified_time":"2021-11-15T20:19:11+00:00","twitter_card":"summary_large_image","twitter_misc":{"Gesch\u00e4tzte Lesezeit":"1\u00a0Minute"},"schema":{"@context":"https:\/\/schema.org","@graph":[{"@type":"WebPage","@id":"https:\/\/www.motivonclinic.com\/uprava-ruk-vlastnym-tukom\/","url":"https:\/\/www.motivonclinic.com\/uprava-ruk-vlastnym-tukom\/","name":"Handverj\u00fcngung mit Eigenfett - Motivon Clinic","isPartOf":{"@id":"https:\/\/www.motivonclinic.com\/en\/#website"},"datePublished":"2021-06-22T21:41:48+00:00","dateModified":"2021-11-15T20:19:11+00:00","breadcrumb":{"@id":"https:\/\/www.motivonclinic.com\/uprava-ruk-vlastnym-tukom\/#breadcrumb"},"inLanguage":"de","potentialAction":[{"@type":"ReadAction","target":["https:\/\/www.motivonclinic.com\/uprava-ruk-vlastnym-tukom\/"]}]},{"@type":"BreadcrumbList","@id":"https:\/\/www.motivonclinic.com\/uprava-ruk-vlastnym-tukom\/#breadcrumb","itemListElement":[{"@type":"ListItem","position":1,"name":"Domovsk\u00e1 str\u00e1nka","item":"https:\/\/www.motivonclinic.com\/"},{"@type":"ListItem","position":2,"name":"Handverj\u00fcngung mit Eigenfett"}]},{"@type":"WebSite","@id":"https:\/\/www.motivonclinic.com\/en\/#website","url":"https:\/\/www.motivonclinic.com\/en\/","name":"Motivon Clinic","description":"","potentialAction":[{"@type":"SearchAction","target":{"@type":"EntryPoint","urlTemplate":"https:\/\/www.motivonclinic.com\/en\/?s={search_term_string}"},"query-input":{"@type":"PropertyValueSpecification","valueRequired":true,"valueName":"search_term_string"}}],"inLanguage":"de"}]}},"_links":{"self":[{"href":"https:\/\/www.motivonclinic.com\/de\/wp-json\/wp\/v2\/pages\/637","targetHints":{"allow":["GET"]}}],"collection":[{"href":"https:\/\/www.motivonclinic.com\/de\/wp-json\/wp\/v2\/pages"}],"about":[{"href":"https:\/\/www.motivonclinic.com\/de\/wp-json\/wp\/v2\/types\/page"}],"author":[{"embeddable":true,"href":"https:\/\/www.motivonclinic.com\/de\/wp-json\/wp\/v2\/users\/1"}],"replies":[{"embeddable":true,"href":"https:\/\/www.motivonclinic.com\/de\/wp-json\/wp\/v2\/comments?post=637"}],"version-history":[{"count":2,"href":"https:\/\/www.motivonclinic.com\/de\/wp-json\/wp\/v2\/pages\/637\/revisions"}],"predecessor-version":[{"id":760,"href":"https:\/\/www.motivonclinic.com\/de\/wp-json\/wp\/v2\/pages\/637\/revisions\/760"}],"wp:attachment":[{"href":"https:\/\/www.motivonclinic.com\/de\/wp-json\/wp\/v2\/media?parent=637"}],"curies":[{"name":"wp","href":"https:\/\/api.w.org\/{rel}","templated":true}]}}