{"id":645,"date":"2021-06-22T23:44:32","date_gmt":"2021-06-22T21:44:32","guid":{"rendered":"https:\/\/www.motivonclinic.com\/operacia-karpalneho-tunela\/"},"modified":"2021-11-15T21:23:48","modified_gmt":"2021-11-15T20:23:48","slug":"operation-des-karpaltunnelsyndroms","status":"publish","type":"page","link":"https:\/\/www.motivonclinic.com\/de\/operation-des-karpaltunnelsyndroms\/","title":{"rendered":"Operation des Karpaltunnelsyndroms"},"content":{"rendered":"[vc_row content_placement=&#8220;top&#8220; css=&#8220;.vc_custom_1619736985641{padding-bottom: 40px !important;}&#8220;][vc_column width=&#8220;2\/5&#8243;]\t<div id=\"thb-image-69ece72420bff\" class=\"caption-style1  aligncenter full  thb_image_link wp-caption \">\n\t\t\t<div class=\"thb-image-inner size_100\">\n\t\t\t<img loading=\"lazy\" decoding=\"async\" width=\"960\" height=\"960\" src=\"https:\/\/www.motivonclinic.com\/wp-content\/uploads\/2021\/04\/image-tvar-vrasky.jpg\" class=\"thb_image    attachment-full\" alt=\"\" srcset=\"https:\/\/www.motivonclinic.com\/wp-content\/uploads\/2021\/04\/image-tvar-vrasky.jpg 960w, https:\/\/www.motivonclinic.com\/wp-content\/uploads\/2021\/04\/image-tvar-vrasky-300x300.jpg 300w, https:\/\/www.motivonclinic.com\/wp-content\/uploads\/2021\/04\/image-tvar-vrasky-100x100.jpg 100w, https:\/\/www.motivonclinic.com\/wp-content\/uploads\/2021\/04\/image-tvar-vrasky-600x600.jpg 600w, https:\/\/www.motivonclinic.com\/wp-content\/uploads\/2021\/04\/image-tvar-vrasky-150x150.jpg 150w, https:\/\/www.motivonclinic.com\/wp-content\/uploads\/2021\/04\/image-tvar-vrasky-768x768.jpg 768w, https:\/\/www.motivonclinic.com\/wp-content\/uploads\/2021\/04\/image-tvar-vrasky-180x180.jpg 180w, https:\/\/www.motivonclinic.com\/wp-content\/uploads\/2021\/04\/image-tvar-vrasky-855x855.jpg 855w, https:\/\/www.motivonclinic.com\/wp-content\/uploads\/2021\/04\/image-tvar-vrasky-20x20.jpg 20w, https:\/\/www.motivonclinic.com\/wp-content\/uploads\/2021\/04\/image-tvar-vrasky-290x290.jpg 290w\" sizes=\"auto, (max-width: 960px) 100vw, 960px\" \/>\t\t\t\t\t<\/div>\n\t\t\t\t\t<\/div>\n  [\/vc_column][vc_column width=&#8220;3\/5&#8243;][vc_column_text el_class=&#8220;title-with-line&#8220;]\n<h1>Operation des Karpaltunnelsyndroms<\/h1>\n[\/vc_column_text][vc_column_text]Das Karpaltunnelsyndrom geh\u00f6rt heutzutage zu den meistverbreiteten Krankheiten. Zu den typischen Symptomen geh\u00f6ren Taubheitsgef\u00fchl, Schmerzen und verminderte Beweglichkeit der Finger. Das Ziel der Operation am Karpaltunnel ist die mechanische Entlastung des betroffenen Nerven, des sog. Nervus medianus. Der Eingriff dauert nicht l\u00e4nger als zwanzig Minuten und wird mit Lokalan\u00e4sthesie durchgef\u00fchrt. Die Kundin\/der Kunde kann die Klinik noch an demselben Tag verlassen. Die N\u00e4hte werden nach zehn bis vierzehn Tagen entfernt. Zwei Wochen nach dem Eingriff ist eine Bandage erforderlich. An der Innenseite des Handgelenks bleibt eine kleinere Narbe zur\u00fcck. Die Operation hilft der Kundin\/dem Kunden, die Beschwerden dauerhaft zu beseitigen. Nach der Operation sind Rehabilitation und \u00dcbungen erforderlich.[\/vc_column_text][vc_empty_space height=&#8220;40px&#8220;]\t<a id=\"thb-button-69ece72421e83\" class=\"btn style2 medium  accent no-radius animation fade-in  \" href=\"\/de\/kontakt\/\" target=\"_self\" role=\"button\">\n\t  <span>Vereinbaren Sie einen Termin.<\/span><\/a>\n  [\/vc_column][\/vc_row][vc_row][vc_column][vc_empty_space height=&#8220;20px&#8220;][vc_row_inner thb_max_width=&#8220;&#8220;][vc_column_inner width=&#8220;1\/3&#8243;]\t<div id=\"thb-iconbox-69ece72421f0a\" class=\"thb-iconbox left type1 icon-box-zakroky has-img   animation-off\" data-animation_speed=\"1.5\">\n\t\t\t\t<figure>\n\t\t\t\t\t\t\t<div class=\"iconbox-image\">\n\t\t\t\t\t<img loading=\"lazy\" decoding=\"async\" width=\"500\" height=\"500\" src=\"https:\/\/www.motivonclinic.com\/wp-content\/uploads\/2021\/06\/icon-dlzkazakroku.svg\" class=\"thb_image attachment-full\" alt=\"\" \/>\t\t\t\t\t\t\t\t\t<\/div>\n\t\t\t\t\t\t\t\t\t\t\t<\/figure>\n\t\t\t\t<div class=\"iconbox-content\">\n\t\t\t<h5>Dauer des Eingriffs<\/h5>\t\t\t<p>15 - 20 Minuten<\/p>\n\t\t\t\t\t<\/div>\n\t\t<style>\n\t\t\t\t\t\t\t\t\t\t\t\t\t\t\t\t\t\t\t#thb-iconbox-69ece72421f0a.thb-iconbox .iconbox-image img {\n\t\t\t\t\twidth: 35px;\n\t\t\t\t\theight: auto;\n\t\t\t\t}\n\t\t\t\t\t\t\t\t\t\t\t\t\/* Hover *\/\n\t\t\t\t\t\t\t\t\t\t\t<\/style>\n\t<\/div>\n\t\t<div id=\"thb-iconbox-69ece724232de\" class=\"thb-iconbox left type1 icon-box-zakroky has-img   animation-off\" data-animation_speed=\"1.5\">\n\t\t\t\t<figure>\n\t\t\t\t\t\t\t<div class=\"iconbox-image\">\n\t\t\t\t\t<img loading=\"lazy\" decoding=\"async\" width=\"512\" height=\"512\" src=\"https:\/\/www.motivonclinic.com\/wp-content\/uploads\/2021\/06\/icon-anestezia.svg\" class=\"thb_image attachment-full\" alt=\"\" \/>\t\t\t\t\t\t\t\t\t<\/div>\n\t\t\t\t\t\t\t\t\t\t\t<\/figure>\n\t\t\t\t<div class=\"iconbox-content\">\n\t\t\t<h5>An\u00e4sthesie<\/h5>\t\t\t<p>Lokalan\u00e4sthesie<\/p>\n\t\t\t\t\t<\/div>\n\t\t<style>\n\t\t\t\t\t\t\t\t\t\t\t\t\t\t\t\t\t\t\t#thb-iconbox-69ece724232de.thb-iconbox .iconbox-image img {\n\t\t\t\t\twidth: 35px;\n\t\t\t\t\theight: auto;\n\t\t\t\t}\n\t\t\t\t\t\t\t\t\t\t\t\t\/* Hover *\/\n\t\t\t\t\t\t\t\t\t\t\t<\/style>\n\t<\/div>\n\t[\/vc_column_inner][vc_column_inner width=&#8220;1\/3&#8243;]\t<div id=\"thb-iconbox-69ece72423dcf\" class=\"thb-iconbox left type1 icon-box-zakroky has-img   animation-off\" data-animation_speed=\"1.5\">\n\t\t\t\t<figure>\n\t\t\t\t\t\t\t<div class=\"iconbox-image\">\n\t\t\t\t\t<img loading=\"lazy\" decoding=\"async\" width=\"512\" height=\"512\" src=\"https:\/\/www.motivonclinic.com\/wp-content\/uploads\/2021\/06\/icon-odchod.svg\" class=\"thb_image attachment-full\" alt=\"\" \/>\t\t\t\t\t\t\t\t\t<\/div>\n\t\t\t\t\t\t\t\t\t\t\t<\/figure>\n\t\t\t\t<div class=\"iconbox-content\">\n\t\t\t<h5>Entlassung aus der Klinik<\/h5>\t\t\t<p>sofort<\/p>\n\t\t\t\t\t<\/div>\n\t\t<style>\n\t\t\t\t\t\t\t\t\t\t\t\t\t\t\t\t\t\t\t#thb-iconbox-69ece72423dcf.thb-iconbox .iconbox-image img {\n\t\t\t\t\twidth: 35px;\n\t\t\t\t\theight: auto;\n\t\t\t\t}\n\t\t\t\t\t\t\t\t\t\t\t\t\/* Hover *\/\n\t\t\t\t\t\t\t\t\t\t\t<\/style>\n\t<\/div>\n\t\t<div id=\"thb-iconbox-69ece72425978\" class=\"thb-iconbox left type1 icon-box-zakroky has-img   animation-off\" data-animation_speed=\"1.5\">\n\t\t\t\t<figure>\n\t\t\t\t\t\t\t<div class=\"iconbox-image\">\n\t\t\t\t\t<img loading=\"lazy\" decoding=\"async\" width=\"495\" height=\"495\" src=\"https:\/\/www.motivonclinic.com\/wp-content\/uploads\/2021\/06\/icon-stehy.svg\" class=\"thb_image attachment-full\" alt=\"\" \/>\t\t\t\t\t\t\t\t\t<\/div>\n\t\t\t\t\t\t\t\t\t\t\t<\/figure>\n\t\t\t\t<div class=\"iconbox-content\">\n\t\t\t<h5>Fadenentfernung<\/h5>\t\t\t<p>nach 10 - 14 Tagen<\/p>\n\t\t\t\t\t<\/div>\n\t\t<style>\n\t\t\t\t\t\t\t\t\t\t\t\t\t\t\t\t\t\t\t#thb-iconbox-69ece72425978.thb-iconbox .iconbox-image img {\n\t\t\t\t\twidth: 35px;\n\t\t\t\t\theight: auto;\n\t\t\t\t}\n\t\t\t\t\t\t\t\t\t\t\t\t\/* Hover *\/\n\t\t\t\t\t\t\t\t\t\t\t<\/style>\n\t<\/div>\n\t[\/vc_column_inner][vc_column_inner width=&#8220;1\/3&#8243;]\t<div id=\"thb-iconbox-69ece72426584\" class=\"thb-iconbox left type1 icon-box-zakroky has-img   animation-off\" data-animation_speed=\"1.5\">\n\t\t\t\t<figure>\n\t\t\t\t\t\t\t<div class=\"iconbox-image\">\n\t\t\t\t\t<img loading=\"lazy\" decoding=\"async\" width=\"512\" height=\"512\" src=\"https:\/\/www.motivonclinic.com\/wp-content\/uploads\/2021\/06\/icon-stopy.svg\" class=\"thb_image attachment-full\" alt=\"\" \/>\t\t\t\t\t\t\t\t\t<\/div>\n\t\t\t\t\t\t\t\t\t\t\t<\/figure>\n\t\t\t\t<div class=\"iconbox-content\">\n\t\t\t<h5>Spuren<\/h5>\t\t\t<p>kleine Narbe<\/p>\n\t\t\t\t\t<\/div>\n\t\t<style>\n\t\t\t\t\t\t\t\t\t\t\t\t\t\t\t\t\t\t\t#thb-iconbox-69ece72426584.thb-iconbox .iconbox-image img {\n\t\t\t\t\twidth: 35px;\n\t\t\t\t\theight: auto;\n\t\t\t\t}\n\t\t\t\t\t\t\t\t\t\t\t\t\/* Hover *\/\n\t\t\t\t\t\t\t\t\t\t\t<\/style>\n\t<\/div>\n\t\t<div id=\"thb-iconbox-69ece72427700\" class=\"thb-iconbox left type1 icon-box-zakroky has-img   animation-off\" data-animation_speed=\"1.5\">\n\t\t\t\t<figure>\n\t\t\t\t\t\t\t<div class=\"iconbox-image\">\n\t\t\t\t\t<img loading=\"lazy\" decoding=\"async\" width=\"496\" height=\"496\" src=\"https:\/\/www.motivonclinic.com\/wp-content\/uploads\/2021\/06\/icon-vysledok.svg\" class=\"thb_image attachment-full\" alt=\"\" \/>\t\t\t\t\t\t\t\t\t<\/div>\n\t\t\t\t\t\t\t\t\t\t\t<\/figure>\n\t\t\t\t<div class=\"iconbox-content\">\n\t\t\t<h5>Ergebnis<\/h5>\t\t\t<p>dauerhaft<\/p>\n\t\t\t\t\t<\/div>\n\t\t<style>\n\t\t\t\t\t\t\t\t\t\t\t\t\t\t\t\t\t\t\t#thb-iconbox-69ece72427700.thb-iconbox .iconbox-image img {\n\t\t\t\t\twidth: 35px;\n\t\t\t\t\theight: auto;\n\t\t\t\t}\n\t\t\t\t\t\t\t\t\t\t\t\t\/* Hover *\/\n\t\t\t\t\t\t\t\t\t\t\t<\/style>\n\t<\/div>\n\t[\/vc_column_inner][\/vc_row_inner][vc_empty_space height=&#8220;40px&#8220;][\/vc_column][\/vc_row]\n","protected":false},"excerpt":{"rendered":"<p>[vc_row content_placement=&#8220;top&#8220; css=&#8220;.vc_custom_1619736985641{padding-bottom: 40px !important;}&#8220;][vc_column width=&#8220;2\/5&#8243;][\/vc_column][vc_column width=&#8220;3\/5&#8243;][vc_column_text el_class=&#8220;title-with-line&#8220;] Operation des Karpaltunnelsyndroms [\/vc_column_text][vc_column_text]Das Karpaltunnelsyndrom geh\u00f6rt heutzutage zu den meistverbreiteten Krankheiten. Zu den typischen Symptomen geh\u00f6ren Taubheitsgef\u00fchl, Schmerzen und verminderte Beweglichkeit der Finger. Das Ziel der Operation am Karpaltunnel ist die mechanische Entlastung des betroffenen Nerven, des sog. Nervus medianus. Der Eingriff dauert nicht l\u00e4nger als zwanzig&hellip;<\/p>\n","protected":false},"author":1,"featured_media":0,"parent":0,"menu_order":0,"comment_status":"closed","ping_status":"closed","template":"page-default.php","meta":{"inline_featured_image":false,"footnotes":""},"class_list":["post-645","page","type-page","status-publish","hentry"],"yoast_head":"<!-- This site is optimized with the Yoast SEO plugin v24.8.1 - https:\/\/yoast.com\/wordpress\/plugins\/seo\/ -->\n<title>Operation des Karpaltunnelsyndroms - Motivon Clinic<\/title>\n<meta name=\"robots\" content=\"index, follow, max-snippet:-1, max-image-preview:large, max-video-preview:-1\" \/>\n<link rel=\"canonical\" href=\"https:\/\/www.motivonclinic.com\/de\/operacia-karpalneho-tunela\/\" \/>\n<meta property=\"og:locale\" content=\"de_DE\" \/>\n<meta property=\"og:type\" content=\"article\" \/>\n<meta property=\"og:title\" content=\"Operation des Karpaltunnelsyndroms - Motivon Clinic\" \/>\n<meta property=\"og:description\" content=\"[vc_row content_placement=&#8220;top&#8220; css=&#8220;.vc_custom_1619736985641{padding-bottom: 40px !important;}&#8220;][vc_column width=&#8220;2\/5&#8243;][\/vc_column][vc_column width=&#8220;3\/5&#8243;][vc_column_text el_class=&#8220;title-with-line&#8220;] Operation des Karpaltunnelsyndroms [\/vc_column_text][vc_column_text]Das Karpaltunnelsyndrom geh\u00f6rt heutzutage zu den meistverbreiteten Krankheiten. Zu den typischen Symptomen geh\u00f6ren Taubheitsgef\u00fchl, Schmerzen und verminderte Beweglichkeit der Finger. Das Ziel der Operation am Karpaltunnel ist die mechanische Entlastung des betroffenen Nerven, des sog. Nervus medianus. Der Eingriff dauert nicht l\u00e4nger als zwanzig&hellip;\" \/>\n<meta property=\"og:url\" content=\"https:\/\/www.motivonclinic.com\/operacia-karpalneho-tunela\/\" \/>\n<meta property=\"og:site_name\" content=\"Motivon Clinic\" \/>\n<meta property=\"article:modified_time\" content=\"2021-11-15T20:23:48+00:00\" \/>\n<meta name=\"twitter:card\" content=\"summary_large_image\" \/>\n<meta name=\"twitter:label1\" content=\"Gesch\u00e4tzte Lesezeit\" \/>\n\t<meta name=\"twitter:data1\" content=\"1\u00a0Minute\" \/>\n<script type=\"application\/ld+json\" class=\"yoast-schema-graph\">{\"@context\":\"https:\/\/schema.org\",\"@graph\":[{\"@type\":\"WebPage\",\"@id\":\"https:\/\/www.motivonclinic.com\/operacia-karpalneho-tunela\/\",\"url\":\"https:\/\/www.motivonclinic.com\/operacia-karpalneho-tunela\/\",\"name\":\"Operation des Karpaltunnelsyndroms - Motivon Clinic\",\"isPartOf\":{\"@id\":\"https:\/\/www.motivonclinic.com\/en\/#website\"},\"datePublished\":\"2021-06-22T21:44:32+00:00\",\"dateModified\":\"2021-11-15T20:23:48+00:00\",\"breadcrumb\":{\"@id\":\"https:\/\/www.motivonclinic.com\/operacia-karpalneho-tunela\/#breadcrumb\"},\"inLanguage\":\"de\",\"potentialAction\":[{\"@type\":\"ReadAction\",\"target\":[\"https:\/\/www.motivonclinic.com\/operacia-karpalneho-tunela\/\"]}]},{\"@type\":\"BreadcrumbList\",\"@id\":\"https:\/\/www.motivonclinic.com\/operacia-karpalneho-tunela\/#breadcrumb\",\"itemListElement\":[{\"@type\":\"ListItem\",\"position\":1,\"name\":\"Domovsk\u00e1 str\u00e1nka\",\"item\":\"https:\/\/www.motivonclinic.com\/\"},{\"@type\":\"ListItem\",\"position\":2,\"name\":\"Operation des Karpaltunnelsyndroms\"}]},{\"@type\":\"WebSite\",\"@id\":\"https:\/\/www.motivonclinic.com\/en\/#website\",\"url\":\"https:\/\/www.motivonclinic.com\/en\/\",\"name\":\"Motivon Clinic\",\"description\":\"\",\"potentialAction\":[{\"@type\":\"SearchAction\",\"target\":{\"@type\":\"EntryPoint\",\"urlTemplate\":\"https:\/\/www.motivonclinic.com\/en\/?s={search_term_string}\"},\"query-input\":{\"@type\":\"PropertyValueSpecification\",\"valueRequired\":true,\"valueName\":\"search_term_string\"}}],\"inLanguage\":\"de\"}]}<\/script>\n<!-- \/ Yoast SEO plugin. -->","yoast_head_json":{"title":"Operation des Karpaltunnelsyndroms - Motivon Clinic","robots":{"index":"index","follow":"follow","max-snippet":"max-snippet:-1","max-image-preview":"max-image-preview:large","max-video-preview":"max-video-preview:-1"},"canonical":"https:\/\/www.motivonclinic.com\/de\/operacia-karpalneho-tunela\/","og_locale":"de_DE","og_type":"article","og_title":"Operation des Karpaltunnelsyndroms - Motivon Clinic","og_description":"[vc_row content_placement=&#8220;top&#8220; css=&#8220;.vc_custom_1619736985641{padding-bottom: 40px !important;}&#8220;][vc_column width=&#8220;2\/5&#8243;][\/vc_column][vc_column width=&#8220;3\/5&#8243;][vc_column_text el_class=&#8220;title-with-line&#8220;] Operation des Karpaltunnelsyndroms [\/vc_column_text][vc_column_text]Das Karpaltunnelsyndrom geh\u00f6rt heutzutage zu den meistverbreiteten Krankheiten. Zu den typischen Symptomen geh\u00f6ren Taubheitsgef\u00fchl, Schmerzen und verminderte Beweglichkeit der Finger. Das Ziel der Operation am Karpaltunnel ist die mechanische Entlastung des betroffenen Nerven, des sog. Nervus medianus. Der Eingriff dauert nicht l\u00e4nger als zwanzig&hellip;","og_url":"https:\/\/www.motivonclinic.com\/operacia-karpalneho-tunela\/","og_site_name":"Motivon Clinic","article_modified_time":"2021-11-15T20:23:48+00:00","twitter_card":"summary_large_image","twitter_misc":{"Gesch\u00e4tzte Lesezeit":"1\u00a0Minute"},"schema":{"@context":"https:\/\/schema.org","@graph":[{"@type":"WebPage","@id":"https:\/\/www.motivonclinic.com\/operacia-karpalneho-tunela\/","url":"https:\/\/www.motivonclinic.com\/operacia-karpalneho-tunela\/","name":"Operation des Karpaltunnelsyndroms - Motivon Clinic","isPartOf":{"@id":"https:\/\/www.motivonclinic.com\/en\/#website"},"datePublished":"2021-06-22T21:44:32+00:00","dateModified":"2021-11-15T20:23:48+00:00","breadcrumb":{"@id":"https:\/\/www.motivonclinic.com\/operacia-karpalneho-tunela\/#breadcrumb"},"inLanguage":"de","potentialAction":[{"@type":"ReadAction","target":["https:\/\/www.motivonclinic.com\/operacia-karpalneho-tunela\/"]}]},{"@type":"BreadcrumbList","@id":"https:\/\/www.motivonclinic.com\/operacia-karpalneho-tunela\/#breadcrumb","itemListElement":[{"@type":"ListItem","position":1,"name":"Domovsk\u00e1 str\u00e1nka","item":"https:\/\/www.motivonclinic.com\/"},{"@type":"ListItem","position":2,"name":"Operation des Karpaltunnelsyndroms"}]},{"@type":"WebSite","@id":"https:\/\/www.motivonclinic.com\/en\/#website","url":"https:\/\/www.motivonclinic.com\/en\/","name":"Motivon Clinic","description":"","potentialAction":[{"@type":"SearchAction","target":{"@type":"EntryPoint","urlTemplate":"https:\/\/www.motivonclinic.com\/en\/?s={search_term_string}"},"query-input":{"@type":"PropertyValueSpecification","valueRequired":true,"valueName":"search_term_string"}}],"inLanguage":"de"}]}},"_links":{"self":[{"href":"https:\/\/www.motivonclinic.com\/de\/wp-json\/wp\/v2\/pages\/645","targetHints":{"allow":["GET"]}}],"collection":[{"href":"https:\/\/www.motivonclinic.com\/de\/wp-json\/wp\/v2\/pages"}],"about":[{"href":"https:\/\/www.motivonclinic.com\/de\/wp-json\/wp\/v2\/types\/page"}],"author":[{"embeddable":true,"href":"https:\/\/www.motivonclinic.com\/de\/wp-json\/wp\/v2\/users\/1"}],"replies":[{"embeddable":true,"href":"https:\/\/www.motivonclinic.com\/de\/wp-json\/wp\/v2\/comments?post=645"}],"version-history":[{"count":2,"href":"https:\/\/www.motivonclinic.com\/de\/wp-json\/wp\/v2\/pages\/645\/revisions"}],"predecessor-version":[{"id":764,"href":"https:\/\/www.motivonclinic.com\/de\/wp-json\/wp\/v2\/pages\/645\/revisions\/764"}],"wp:attachment":[{"href":"https:\/\/www.motivonclinic.com\/de\/wp-json\/wp\/v2\/media?parent=645"}],"curies":[{"name":"wp","href":"https:\/\/api.w.org\/{rel}","templated":true}]}}