{"id":661,"date":"2021-10-06T15:05:02","date_gmt":"2021-10-06T13:05:02","guid":{"rendered":"https:\/\/www.motivonclinic.com\/mudr-khalid-alzahrani\/"},"modified":"2021-11-15T21:32:24","modified_gmt":"2021-11-15T20:32:24","slug":"mudr-khalid-alzahrani","status":"publish","type":"page","link":"https:\/\/www.motivonclinic.com\/de\/mudr-khalid-alzahrani\/","title":{"rendered":"MUDr. Khalid Alzahrani"},"content":{"rendered":"[vc_row][vc_column width=&#8220;1\/2&#8243;][vc_column_text]\n<h1>MUDr. Khalid Alzahrani<\/h1>\n<p>Leiter der Klinik, Facharzt f\u00fcr plastische Chirurgie[\/vc_column_text][vc_empty_space][vc_column_text]\n<h4>Ausbildung:<\/h4>\n<ul>\n<li>2000 \u2013 Studium an der Medizinischen Fakult\u00e4t der Umm-al-Qura-Universit\u00e4t in Mekka, Saudi-Arabien<\/li>\n<li>2007 \u2013 Studium an der Medizinischen Fakult\u00e4t der Comenius-Universit\u00e4t in Bratislava<\/li>\n<li>2011 \u2013 1. Grad der Spezialisierung: Chirurgie<\/li>\n<li>2015 \u2013 Facharztpr\u00fcfung auf dem Gebiet der plastischen Chirurgie<\/li>\n<li>2021 \u2013 Master of E-health and Telemedicine<\/li>\n<\/ul>\n<h4>Berufliche Erfahrungen:<\/h4>\n<ul>\n<li>2000 \u2013 2002 \u2013 Abteilung f\u00fcr Labormedizin des King Fahad General Hospital in Dschidda, Saudi-Arabien<\/li>\n<li>2002 \u2013 Unfall- und Nofallabteilung des King Fahad General Hospital in Dschidda, Saudi-Arabien<\/li>\n<li>2007 \u2013 2011 \u2013 Chirurgische Klinik des Universit\u00e4tskrankenhauses in Bratislava<\/li>\n<li>2011 \u2013 2016 \u2013 Klinik f\u00fcr plastische und \u00e4sthetische Chirurgie des Fakult\u00e4tskrankenhauses der Hl. Anna in Brno<\/li>\n<li>2016 \u2013 Motivon Clinic &#8211; Privatpraxis auf dem Gebiet der plastischen und \u00e4sthetischen Chirurgie<\/li>\n<\/ul>\n[\/vc_column_text][\/vc_column][vc_column width=&#8220;1\/2&#8243;]\t<div id=\"thb-image-69f2b2d22b667\" class=\"caption-style1  alignleft   thb_image_link wp-caption \">\n\t\t\t<div class=\"thb-image-inner size_100\">\n\t\t\t<img loading=\"lazy\" decoding=\"async\" width=\"1200\" height=\"1800\" src=\"https:\/\/www.motivonclinic.com\/wp-content\/uploads\/2021\/10\/32A7900.jpg\" class=\"thb_image    attachment-full\" alt=\"\" srcset=\"https:\/\/www.motivonclinic.com\/wp-content\/uploads\/2021\/10\/32A7900.jpg 1200w, https:\/\/www.motivonclinic.com\/wp-content\/uploads\/2021\/10\/32A7900-200x300.jpg 200w, https:\/\/www.motivonclinic.com\/wp-content\/uploads\/2021\/10\/32A7900-683x1024.jpg 683w, https:\/\/www.motivonclinic.com\/wp-content\/uploads\/2021\/10\/32A7900-768x1152.jpg 768w, https:\/\/www.motivonclinic.com\/wp-content\/uploads\/2021\/10\/32A7900-1024x1536.jpg 1024w, https:\/\/www.motivonclinic.com\/wp-content\/uploads\/2021\/10\/32A7900-855x1283.jpg 855w, https:\/\/www.motivonclinic.com\/wp-content\/uploads\/2021\/10\/32A7900-20x30.jpg 20w, https:\/\/www.motivonclinic.com\/wp-content\/uploads\/2021\/10\/32A7900-290x435.jpg 290w, https:\/\/www.motivonclinic.com\/wp-content\/uploads\/2021\/10\/32A7900-600x900.jpg 600w\" sizes=\"auto, (max-width: 1200px) 100vw, 1200px\" \/>\t\t\t\t\t<\/div>\n\t\t\t\t\t<\/div>\n  [\/vc_column][\/vc_row]\n","protected":false},"excerpt":{"rendered":"<p>[vc_row][vc_column width=&#8220;1\/2&#8243;][vc_column_text] MUDr. Khalid Alzahrani Leiter der Klinik, Facharzt f\u00fcr plastische Chirurgie[\/vc_column_text][vc_empty_space][vc_column_text] Ausbildung: 2000 \u2013 Studium an der Medizinischen Fakult\u00e4t der Umm-al-Qura-Universit\u00e4t in Mekka, Saudi-Arabien 2007 \u2013 Studium an der Medizinischen Fakult\u00e4t der Comenius-Universit\u00e4t in Bratislava 2011 \u2013 1. Grad der Spezialisierung: Chirurgie 2015 \u2013 Facharztpr\u00fcfung auf dem Gebiet der plastischen Chirurgie 2021 \u2013 Master&hellip;<\/p>\n","protected":false},"author":1,"featured_media":0,"parent":0,"menu_order":0,"comment_status":"closed","ping_status":"closed","template":"","meta":{"inline_featured_image":false,"footnotes":""},"class_list":["post-661","page","type-page","status-publish","hentry"],"yoast_head":"<!-- This site is optimized with the Yoast SEO plugin v24.8.1 - https:\/\/yoast.com\/wordpress\/plugins\/seo\/ -->\n<title>MUDr. Khalid Alzahrani - Motivon Clinic<\/title>\n<meta name=\"robots\" content=\"index, follow, max-snippet:-1, max-image-preview:large, max-video-preview:-1\" \/>\n<link rel=\"canonical\" href=\"https:\/\/www.motivonclinic.com\/de\/mudr-khalid-alzahrani\/\" \/>\n<meta property=\"og:locale\" content=\"de_DE\" \/>\n<meta property=\"og:type\" content=\"article\" \/>\n<meta property=\"og:title\" content=\"MUDr. Khalid Alzahrani - Motivon Clinic\" \/>\n<meta property=\"og:description\" content=\"[vc_row][vc_column width=&#8220;1\/2&#8243;][vc_column_text] MUDr. Khalid Alzahrani Leiter der Klinik, Facharzt f\u00fcr plastische Chirurgie[\/vc_column_text][vc_empty_space][vc_column_text] Ausbildung: 2000 \u2013 Studium an der Medizinischen Fakult\u00e4t der Umm-al-Qura-Universit\u00e4t in Mekka, Saudi-Arabien 2007 \u2013 Studium an der Medizinischen Fakult\u00e4t der Comenius-Universit\u00e4t in Bratislava 2011 \u2013 1. Grad der Spezialisierung: Chirurgie 2015 \u2013 Facharztpr\u00fcfung auf dem Gebiet der plastischen Chirurgie 2021 \u2013 Master&hellip;\" \/>\n<meta property=\"og:url\" content=\"https:\/\/www.motivonclinic.com\/mudr-khalid-alzahrani\/\" \/>\n<meta property=\"og:site_name\" content=\"Motivon Clinic\" \/>\n<meta property=\"article:modified_time\" content=\"2021-11-15T20:32:24+00:00\" \/>\n<meta name=\"twitter:card\" content=\"summary_large_image\" \/>\n<meta name=\"twitter:label1\" content=\"Gesch\u00e4tzte Lesezeit\" \/>\n\t<meta name=\"twitter:data1\" content=\"1\u00a0Minute\" \/>\n<script type=\"application\/ld+json\" class=\"yoast-schema-graph\">{\"@context\":\"https:\/\/schema.org\",\"@graph\":[{\"@type\":\"WebPage\",\"@id\":\"https:\/\/www.motivonclinic.com\/mudr-khalid-alzahrani\/\",\"url\":\"https:\/\/www.motivonclinic.com\/mudr-khalid-alzahrani\/\",\"name\":\"MUDr. Khalid Alzahrani - Motivon Clinic\",\"isPartOf\":{\"@id\":\"https:\/\/www.motivonclinic.com\/en\/#website\"},\"datePublished\":\"2021-10-06T13:05:02+00:00\",\"dateModified\":\"2021-11-15T20:32:24+00:00\",\"breadcrumb\":{\"@id\":\"https:\/\/www.motivonclinic.com\/mudr-khalid-alzahrani\/#breadcrumb\"},\"inLanguage\":\"de\",\"potentialAction\":[{\"@type\":\"ReadAction\",\"target\":[\"https:\/\/www.motivonclinic.com\/mudr-khalid-alzahrani\/\"]}]},{\"@type\":\"BreadcrumbList\",\"@id\":\"https:\/\/www.motivonclinic.com\/mudr-khalid-alzahrani\/#breadcrumb\",\"itemListElement\":[{\"@type\":\"ListItem\",\"position\":1,\"name\":\"Domovsk\u00e1 str\u00e1nka\",\"item\":\"https:\/\/www.motivonclinic.com\/\"},{\"@type\":\"ListItem\",\"position\":2,\"name\":\"MUDr. Khalid Alzahrani\"}]},{\"@type\":\"WebSite\",\"@id\":\"https:\/\/www.motivonclinic.com\/en\/#website\",\"url\":\"https:\/\/www.motivonclinic.com\/en\/\",\"name\":\"Motivon Clinic\",\"description\":\"\",\"potentialAction\":[{\"@type\":\"SearchAction\",\"target\":{\"@type\":\"EntryPoint\",\"urlTemplate\":\"https:\/\/www.motivonclinic.com\/en\/?s={search_term_string}\"},\"query-input\":{\"@type\":\"PropertyValueSpecification\",\"valueRequired\":true,\"valueName\":\"search_term_string\"}}],\"inLanguage\":\"de\"}]}<\/script>\n<!-- \/ Yoast SEO plugin. -->","yoast_head_json":{"title":"MUDr. Khalid Alzahrani - Motivon Clinic","robots":{"index":"index","follow":"follow","max-snippet":"max-snippet:-1","max-image-preview":"max-image-preview:large","max-video-preview":"max-video-preview:-1"},"canonical":"https:\/\/www.motivonclinic.com\/de\/mudr-khalid-alzahrani\/","og_locale":"de_DE","og_type":"article","og_title":"MUDr. Khalid Alzahrani - Motivon Clinic","og_description":"[vc_row][vc_column width=&#8220;1\/2&#8243;][vc_column_text] MUDr. Khalid Alzahrani Leiter der Klinik, Facharzt f\u00fcr plastische Chirurgie[\/vc_column_text][vc_empty_space][vc_column_text] Ausbildung: 2000 \u2013 Studium an der Medizinischen Fakult\u00e4t der Umm-al-Qura-Universit\u00e4t in Mekka, Saudi-Arabien 2007 \u2013 Studium an der Medizinischen Fakult\u00e4t der Comenius-Universit\u00e4t in Bratislava 2011 \u2013 1. Grad der Spezialisierung: Chirurgie 2015 \u2013 Facharztpr\u00fcfung auf dem Gebiet der plastischen Chirurgie 2021 \u2013 Master&hellip;","og_url":"https:\/\/www.motivonclinic.com\/mudr-khalid-alzahrani\/","og_site_name":"Motivon Clinic","article_modified_time":"2021-11-15T20:32:24+00:00","twitter_card":"summary_large_image","twitter_misc":{"Gesch\u00e4tzte Lesezeit":"1\u00a0Minute"},"schema":{"@context":"https:\/\/schema.org","@graph":[{"@type":"WebPage","@id":"https:\/\/www.motivonclinic.com\/mudr-khalid-alzahrani\/","url":"https:\/\/www.motivonclinic.com\/mudr-khalid-alzahrani\/","name":"MUDr. Khalid Alzahrani - Motivon Clinic","isPartOf":{"@id":"https:\/\/www.motivonclinic.com\/en\/#website"},"datePublished":"2021-10-06T13:05:02+00:00","dateModified":"2021-11-15T20:32:24+00:00","breadcrumb":{"@id":"https:\/\/www.motivonclinic.com\/mudr-khalid-alzahrani\/#breadcrumb"},"inLanguage":"de","potentialAction":[{"@type":"ReadAction","target":["https:\/\/www.motivonclinic.com\/mudr-khalid-alzahrani\/"]}]},{"@type":"BreadcrumbList","@id":"https:\/\/www.motivonclinic.com\/mudr-khalid-alzahrani\/#breadcrumb","itemListElement":[{"@type":"ListItem","position":1,"name":"Domovsk\u00e1 str\u00e1nka","item":"https:\/\/www.motivonclinic.com\/"},{"@type":"ListItem","position":2,"name":"MUDr. Khalid Alzahrani"}]},{"@type":"WebSite","@id":"https:\/\/www.motivonclinic.com\/en\/#website","url":"https:\/\/www.motivonclinic.com\/en\/","name":"Motivon Clinic","description":"","potentialAction":[{"@type":"SearchAction","target":{"@type":"EntryPoint","urlTemplate":"https:\/\/www.motivonclinic.com\/en\/?s={search_term_string}"},"query-input":{"@type":"PropertyValueSpecification","valueRequired":true,"valueName":"search_term_string"}}],"inLanguage":"de"}]}},"_links":{"self":[{"href":"https:\/\/www.motivonclinic.com\/de\/wp-json\/wp\/v2\/pages\/661","targetHints":{"allow":["GET"]}}],"collection":[{"href":"https:\/\/www.motivonclinic.com\/de\/wp-json\/wp\/v2\/pages"}],"about":[{"href":"https:\/\/www.motivonclinic.com\/de\/wp-json\/wp\/v2\/types\/page"}],"author":[{"embeddable":true,"href":"https:\/\/www.motivonclinic.com\/de\/wp-json\/wp\/v2\/users\/1"}],"replies":[{"embeddable":true,"href":"https:\/\/www.motivonclinic.com\/de\/wp-json\/wp\/v2\/comments?post=661"}],"version-history":[{"count":2,"href":"https:\/\/www.motivonclinic.com\/de\/wp-json\/wp\/v2\/pages\/661\/revisions"}],"predecessor-version":[{"id":772,"href":"https:\/\/www.motivonclinic.com\/de\/wp-json\/wp\/v2\/pages\/661\/revisions\/772"}],"wp:attachment":[{"href":"https:\/\/www.motivonclinic.com\/de\/wp-json\/wp\/v2\/media?parent=661"}],"curies":[{"name":"wp","href":"https:\/\/api.w.org\/{rel}","templated":true}]}}