{"id":677,"date":"2021-10-06T15:16:11","date_gmt":"2021-10-06T13:16:11","guid":{"rendered":"https:\/\/www.motivonclinic.com\/mudr-zuzana-chaloupkova\/"},"modified":"2021-11-15T21:36:15","modified_gmt":"2021-11-15T20:36:15","slug":"mudr-zuzana-chaloupkova","status":"publish","type":"page","link":"https:\/\/www.motivonclinic.com\/de\/mudr-zuzana-chaloupkova\/","title":{"rendered":"MUDr. Zuzana Chaloupkov\u00e1"},"content":{"rendered":"[vc_row][vc_column width=&#8220;1\/2&#8243;][vc_column_text]\n<h1>MUDr. Zuzana Chaloupkov\u00e1<\/h1>\n<p>Facharzt f\u00fcr plastische Chirurgie[\/vc_column_text][vc_empty_space][vc_column_text]\n<h4>Ausbildung:<\/h4>\n<ul>\n<li>2007 \u2013 Studium an der Medizinischen Fakult\u00e4t der Masaryk-Universit\u00e4t in Brno<\/li>\n<li>2004 \u2013 Studienaufenthalt in der chirurgischen Abteilung des Hospital Universitario San Cecilio in Granada, Spanien<\/li>\n<li>2005 \u2013 Studienaufenthalt in der chirurgischen Abteilung des Hadassah Medical Center in Jerusalem, Israel<\/li>\n<li>2006 \u2013 Studienaufenthalt in der chirurgischen Abteilung des Hospital del Parque in Chihuahua, Mexiko<\/li>\n<li>2018 \u2013 Bescheinigung f\u00fcr das Fachgebiet der plastischen Chirurgie<\/li>\n<li>2018 \u2013 Kurs im Institut f\u00fcr Handchirurgie und plastische Chirurgie in Vysok\u00e9 nad Jizerou, Tschechische Republik<\/li>\n<li>2018 \u2013 Kurs an der Klinik f\u00fcr plastische Chirurgie des Fakult\u00e4tskrankenhauses in Kr\u00e1lovsk\u00e9 Vinohrady, Prag<\/li>\n<li>Lizenzhalter der tschechischen \u00c4rztekammer und Fachkompetenz f\u00fcr den Bereich plastische Chirurgie<\/li>\n<\/ul>\n<h4>Berufliche Erfahrungen:<\/h4>\n<ul>\n<li>2008 \u2013 2009 \u2013 Chirurgische Abteilung des Unfallkrankenhauses in Brno<\/li>\n<li>2007 \u2013 2016 \u2013 Klinik f\u00fcr Verbrennungen und rekonstruktive Chirurgie des Fakult\u00e4tskrankenhauses in Brno<\/li>\n<li>2017 \u2013 2021 \u2013 Klinik f\u00fcr plastische und \u00e4sthetische Chirurgie des Fakult\u00e4tskrankenhauses der Hl. Anna in Brno<\/li>\n<\/ul>\n[\/vc_column_text][\/vc_column][vc_column width=&#8220;1\/2&#8243;]\t<div id=\"thb-image-69ed348e251d1\" class=\"caption-style1  alignleft   thb_image_link wp-caption \">\n\t\t\t<div class=\"thb-image-inner size_100\">\n\t\t\t<img loading=\"lazy\" decoding=\"async\" width=\"1200\" height=\"1800\" src=\"https:\/\/www.motivonclinic.com\/wp-content\/uploads\/2021\/10\/32A8604.jpg\" class=\"thb_image    attachment-full\" alt=\"\" srcset=\"https:\/\/www.motivonclinic.com\/wp-content\/uploads\/2021\/10\/32A8604.jpg 1200w, https:\/\/www.motivonclinic.com\/wp-content\/uploads\/2021\/10\/32A8604-200x300.jpg 200w, https:\/\/www.motivonclinic.com\/wp-content\/uploads\/2021\/10\/32A8604-683x1024.jpg 683w, https:\/\/www.motivonclinic.com\/wp-content\/uploads\/2021\/10\/32A8604-768x1152.jpg 768w, https:\/\/www.motivonclinic.com\/wp-content\/uploads\/2021\/10\/32A8604-1024x1536.jpg 1024w, https:\/\/www.motivonclinic.com\/wp-content\/uploads\/2021\/10\/32A8604-855x1283.jpg 855w, https:\/\/www.motivonclinic.com\/wp-content\/uploads\/2021\/10\/32A8604-20x30.jpg 20w, https:\/\/www.motivonclinic.com\/wp-content\/uploads\/2021\/10\/32A8604-290x435.jpg 290w, https:\/\/www.motivonclinic.com\/wp-content\/uploads\/2021\/10\/32A8604-600x900.jpg 600w\" sizes=\"auto, (max-width: 1200px) 100vw, 1200px\" \/>\t\t\t\t\t<\/div>\n\t\t\t\t\t<\/div>\n  [\/vc_column][\/vc_row]\n","protected":false},"excerpt":{"rendered":"<p>[vc_row][vc_column width=&#8220;1\/2&#8243;][vc_column_text] MUDr. Zuzana Chaloupkov\u00e1 Facharzt f\u00fcr plastische Chirurgie[\/vc_column_text][vc_empty_space][vc_column_text] Ausbildung: 2007 \u2013 Studium an der Medizinischen Fakult\u00e4t der Masaryk-Universit\u00e4t in Brno 2004 \u2013 Studienaufenthalt in der chirurgischen Abteilung des Hospital Universitario San Cecilio in Granada, Spanien 2005 \u2013 Studienaufenthalt in der chirurgischen Abteilung des Hadassah Medical Center in Jerusalem, Israel 2006 \u2013 Studienaufenthalt in der&hellip;<\/p>\n","protected":false},"author":1,"featured_media":0,"parent":0,"menu_order":0,"comment_status":"closed","ping_status":"closed","template":"","meta":{"inline_featured_image":false,"footnotes":""},"class_list":["post-677","page","type-page","status-publish","hentry"],"yoast_head":"<!-- This site is optimized with the Yoast SEO plugin v24.8.1 - https:\/\/yoast.com\/wordpress\/plugins\/seo\/ -->\n<title>MUDr. Zuzana Chaloupkov\u00e1 - Motivon Clinic<\/title>\n<meta name=\"robots\" content=\"index, follow, max-snippet:-1, max-image-preview:large, max-video-preview:-1\" \/>\n<link rel=\"canonical\" href=\"https:\/\/www.motivonclinic.com\/de\/mudr-zuzana-chaloupkova\/\" \/>\n<meta property=\"og:locale\" content=\"de_DE\" \/>\n<meta property=\"og:type\" content=\"article\" \/>\n<meta property=\"og:title\" content=\"MUDr. Zuzana Chaloupkov\u00e1 - Motivon Clinic\" \/>\n<meta property=\"og:description\" content=\"[vc_row][vc_column width=&#8220;1\/2&#8243;][vc_column_text] MUDr. Zuzana Chaloupkov\u00e1 Facharzt f\u00fcr plastische Chirurgie[\/vc_column_text][vc_empty_space][vc_column_text] Ausbildung: 2007 \u2013 Studium an der Medizinischen Fakult\u00e4t der Masaryk-Universit\u00e4t in Brno 2004 \u2013 Studienaufenthalt in der chirurgischen Abteilung des Hospital Universitario San Cecilio in Granada, Spanien 2005 \u2013 Studienaufenthalt in der chirurgischen Abteilung des Hadassah Medical Center in Jerusalem, Israel 2006 \u2013 Studienaufenthalt in der&hellip;\" \/>\n<meta property=\"og:url\" content=\"https:\/\/www.motivonclinic.com\/mudr-zuzana-chaloupkova\/\" \/>\n<meta property=\"og:site_name\" content=\"Motivon Clinic\" \/>\n<meta property=\"article:modified_time\" content=\"2021-11-15T20:36:15+00:00\" \/>\n<meta name=\"twitter:card\" content=\"summary_large_image\" \/>\n<meta name=\"twitter:label1\" content=\"Gesch\u00e4tzte Lesezeit\" \/>\n\t<meta name=\"twitter:data1\" content=\"1\u00a0Minute\" \/>\n<script type=\"application\/ld+json\" class=\"yoast-schema-graph\">{\"@context\":\"https:\/\/schema.org\",\"@graph\":[{\"@type\":\"WebPage\",\"@id\":\"https:\/\/www.motivonclinic.com\/mudr-zuzana-chaloupkova\/\",\"url\":\"https:\/\/www.motivonclinic.com\/mudr-zuzana-chaloupkova\/\",\"name\":\"MUDr. Zuzana Chaloupkov\u00e1 - Motivon Clinic\",\"isPartOf\":{\"@id\":\"https:\/\/www.motivonclinic.com\/en\/#website\"},\"datePublished\":\"2021-10-06T13:16:11+00:00\",\"dateModified\":\"2021-11-15T20:36:15+00:00\",\"breadcrumb\":{\"@id\":\"https:\/\/www.motivonclinic.com\/mudr-zuzana-chaloupkova\/#breadcrumb\"},\"inLanguage\":\"de\",\"potentialAction\":[{\"@type\":\"ReadAction\",\"target\":[\"https:\/\/www.motivonclinic.com\/mudr-zuzana-chaloupkova\/\"]}]},{\"@type\":\"BreadcrumbList\",\"@id\":\"https:\/\/www.motivonclinic.com\/mudr-zuzana-chaloupkova\/#breadcrumb\",\"itemListElement\":[{\"@type\":\"ListItem\",\"position\":1,\"name\":\"Domovsk\u00e1 str\u00e1nka\",\"item\":\"https:\/\/www.motivonclinic.com\/\"},{\"@type\":\"ListItem\",\"position\":2,\"name\":\"MUDr. Zuzana Chaloupkov\u00e1\"}]},{\"@type\":\"WebSite\",\"@id\":\"https:\/\/www.motivonclinic.com\/en\/#website\",\"url\":\"https:\/\/www.motivonclinic.com\/en\/\",\"name\":\"Motivon Clinic\",\"description\":\"\",\"potentialAction\":[{\"@type\":\"SearchAction\",\"target\":{\"@type\":\"EntryPoint\",\"urlTemplate\":\"https:\/\/www.motivonclinic.com\/en\/?s={search_term_string}\"},\"query-input\":{\"@type\":\"PropertyValueSpecification\",\"valueRequired\":true,\"valueName\":\"search_term_string\"}}],\"inLanguage\":\"de\"}]}<\/script>\n<!-- \/ Yoast SEO plugin. -->","yoast_head_json":{"title":"MUDr. Zuzana Chaloupkov\u00e1 - Motivon Clinic","robots":{"index":"index","follow":"follow","max-snippet":"max-snippet:-1","max-image-preview":"max-image-preview:large","max-video-preview":"max-video-preview:-1"},"canonical":"https:\/\/www.motivonclinic.com\/de\/mudr-zuzana-chaloupkova\/","og_locale":"de_DE","og_type":"article","og_title":"MUDr. Zuzana Chaloupkov\u00e1 - Motivon Clinic","og_description":"[vc_row][vc_column width=&#8220;1\/2&#8243;][vc_column_text] MUDr. Zuzana Chaloupkov\u00e1 Facharzt f\u00fcr plastische Chirurgie[\/vc_column_text][vc_empty_space][vc_column_text] Ausbildung: 2007 \u2013 Studium an der Medizinischen Fakult\u00e4t der Masaryk-Universit\u00e4t in Brno 2004 \u2013 Studienaufenthalt in der chirurgischen Abteilung des Hospital Universitario San Cecilio in Granada, Spanien 2005 \u2013 Studienaufenthalt in der chirurgischen Abteilung des Hadassah Medical Center in Jerusalem, Israel 2006 \u2013 Studienaufenthalt in der&hellip;","og_url":"https:\/\/www.motivonclinic.com\/mudr-zuzana-chaloupkova\/","og_site_name":"Motivon Clinic","article_modified_time":"2021-11-15T20:36:15+00:00","twitter_card":"summary_large_image","twitter_misc":{"Gesch\u00e4tzte Lesezeit":"1\u00a0Minute"},"schema":{"@context":"https:\/\/schema.org","@graph":[{"@type":"WebPage","@id":"https:\/\/www.motivonclinic.com\/mudr-zuzana-chaloupkova\/","url":"https:\/\/www.motivonclinic.com\/mudr-zuzana-chaloupkova\/","name":"MUDr. Zuzana Chaloupkov\u00e1 - Motivon Clinic","isPartOf":{"@id":"https:\/\/www.motivonclinic.com\/en\/#website"},"datePublished":"2021-10-06T13:16:11+00:00","dateModified":"2021-11-15T20:36:15+00:00","breadcrumb":{"@id":"https:\/\/www.motivonclinic.com\/mudr-zuzana-chaloupkova\/#breadcrumb"},"inLanguage":"de","potentialAction":[{"@type":"ReadAction","target":["https:\/\/www.motivonclinic.com\/mudr-zuzana-chaloupkova\/"]}]},{"@type":"BreadcrumbList","@id":"https:\/\/www.motivonclinic.com\/mudr-zuzana-chaloupkova\/#breadcrumb","itemListElement":[{"@type":"ListItem","position":1,"name":"Domovsk\u00e1 str\u00e1nka","item":"https:\/\/www.motivonclinic.com\/"},{"@type":"ListItem","position":2,"name":"MUDr. Zuzana Chaloupkov\u00e1"}]},{"@type":"WebSite","@id":"https:\/\/www.motivonclinic.com\/en\/#website","url":"https:\/\/www.motivonclinic.com\/en\/","name":"Motivon Clinic","description":"","potentialAction":[{"@type":"SearchAction","target":{"@type":"EntryPoint","urlTemplate":"https:\/\/www.motivonclinic.com\/en\/?s={search_term_string}"},"query-input":{"@type":"PropertyValueSpecification","valueRequired":true,"valueName":"search_term_string"}}],"inLanguage":"de"}]}},"_links":{"self":[{"href":"https:\/\/www.motivonclinic.com\/de\/wp-json\/wp\/v2\/pages\/677","targetHints":{"allow":["GET"]}}],"collection":[{"href":"https:\/\/www.motivonclinic.com\/de\/wp-json\/wp\/v2\/pages"}],"about":[{"href":"https:\/\/www.motivonclinic.com\/de\/wp-json\/wp\/v2\/types\/page"}],"author":[{"embeddable":true,"href":"https:\/\/www.motivonclinic.com\/de\/wp-json\/wp\/v2\/users\/1"}],"replies":[{"embeddable":true,"href":"https:\/\/www.motivonclinic.com\/de\/wp-json\/wp\/v2\/comments?post=677"}],"version-history":[{"count":2,"href":"https:\/\/www.motivonclinic.com\/de\/wp-json\/wp\/v2\/pages\/677\/revisions"}],"predecessor-version":[{"id":778,"href":"https:\/\/www.motivonclinic.com\/de\/wp-json\/wp\/v2\/pages\/677\/revisions\/778"}],"wp:attachment":[{"href":"https:\/\/www.motivonclinic.com\/de\/wp-json\/wp\/v2\/media?parent=677"}],"curies":[{"name":"wp","href":"https:\/\/api.w.org\/{rel}","templated":true}]}}