{"id":666,"date":"2021-10-06T15:10:08","date_gmt":"2021-10-06T13:10:08","guid":{"rendered":"https:\/\/www.motivonclinic.com\/mudr-pavel-novak\/"},"modified":"2021-11-15T14:06:32","modified_gmt":"2021-11-15T13:06:32","slug":"dr-pavel-novak","status":"publish","type":"page","link":"https:\/\/www.motivonclinic.com\/en\/dr-pavel-novak\/","title":{"rendered":"Dr. Pavel Nov\u00e1k"},"content":{"rendered":"[vc_row][vc_column width=&#8221;1\/2&#8243;][vc_column_text]\n<h1>Dr. Pavel Nov\u00e1k<\/h1>\n<p>plastic surgeon[\/vc_column_text][vc_empty_space][vc_column_text]\n<h4>Education:<\/h4>\n<ul>\n<li>1989 \u2013 1995 \u2013 studied at the Faculty of Medicine, Masaryk University, Brno<\/li>\n<li>1998 \u2013 certification in the specialty of surgery<\/li>\n<li>2007 \u2013 certification in the specialty of plastic surgery<\/li>\n<li>A holder of the Czech Medical Chamber licence for the specialty of surgery and plastic surgery<\/li>\n<\/ul>\n<h4>Practice:<\/h4>\n<ul>\n<li>1995 \u2013 2002 \u2013 Trauma Department, Tom\u00e1\u0161 Ba\u0165a Regional Hospital, Zl\u00edn<\/li>\n<li>2002 \u2013 2003 \u2013 Department of Plastic Surgery, Tom\u00e1\u0161 Ba\u0165a Regional Hospital, Zl\u00edn<\/li>\n<li>2003 \u2013 2021 \u2013 Clinic of Plastic and Aesthetic Surgery, St. Anne&#8217;s University Hospital in Brno<\/li>\n<\/ul>\n[\/vc_column_text][\/vc_column][vc_column width=&#8221;1\/2&#8243;]\t<div id=\"thb-image-69f3fb1e78e22\" class=\"caption-style1  alignleft   thb_image_link wp-caption \">\n\t\t\t<div class=\"thb-image-inner size_100\">\n\t\t\t<img loading=\"lazy\" decoding=\"async\" width=\"1200\" height=\"1800\" src=\"https:\/\/www.motivonclinic.com\/wp-content\/uploads\/2021\/10\/32A8832.jpg\" class=\"thb_image    attachment-full\" alt=\"\" srcset=\"https:\/\/www.motivonclinic.com\/wp-content\/uploads\/2021\/10\/32A8832.jpg 1200w, https:\/\/www.motivonclinic.com\/wp-content\/uploads\/2021\/10\/32A8832-200x300.jpg 200w, https:\/\/www.motivonclinic.com\/wp-content\/uploads\/2021\/10\/32A8832-683x1024.jpg 683w, https:\/\/www.motivonclinic.com\/wp-content\/uploads\/2021\/10\/32A8832-768x1152.jpg 768w, https:\/\/www.motivonclinic.com\/wp-content\/uploads\/2021\/10\/32A8832-1024x1536.jpg 1024w, https:\/\/www.motivonclinic.com\/wp-content\/uploads\/2021\/10\/32A8832-855x1283.jpg 855w, https:\/\/www.motivonclinic.com\/wp-content\/uploads\/2021\/10\/32A8832-20x30.jpg 20w, https:\/\/www.motivonclinic.com\/wp-content\/uploads\/2021\/10\/32A8832-290x435.jpg 290w, https:\/\/www.motivonclinic.com\/wp-content\/uploads\/2021\/10\/32A8832-600x900.jpg 600w\" sizes=\"auto, (max-width: 1200px) 100vw, 1200px\" \/>\t\t\t\t\t<\/div>\n\t\t\t\t\t<\/div>\n  [\/vc_column][\/vc_row]\n","protected":false},"excerpt":{"rendered":"<p>[vc_row][vc_column width=&#8221;1\/2&#8243;][vc_column_text] Dr. Pavel Nov\u00e1k plastic surgeon[\/vc_column_text][vc_empty_space][vc_column_text] Education: 1989 \u2013 1995 \u2013 studied at the Faculty of Medicine, Masaryk University, Brno 1998 \u2013 certification in the specialty of surgery 2007 \u2013 certification in the specialty of plastic surgery A holder of the Czech Medical Chamber licence for the specialty of surgery and plastic surgery Practice:&hellip;<\/p>\n","protected":false},"author":1,"featured_media":0,"parent":0,"menu_order":0,"comment_status":"closed","ping_status":"closed","template":"","meta":{"inline_featured_image":false,"footnotes":""},"class_list":["post-666","page","type-page","status-publish","hentry"],"yoast_head":"<!-- This site is optimized with the Yoast SEO plugin v24.8.1 - https:\/\/yoast.com\/wordpress\/plugins\/seo\/ -->\n<title>Dr. Pavel Nov\u00e1k - Motivon Clinic<\/title>\n<meta name=\"robots\" content=\"index, follow, max-snippet:-1, max-image-preview:large, max-video-preview:-1\" \/>\n<link rel=\"canonical\" href=\"https:\/\/www.motivonclinic.com\/en\/mudr-pavel-novak\/\" \/>\n<meta property=\"og:locale\" content=\"en_US\" \/>\n<meta property=\"og:type\" content=\"article\" \/>\n<meta property=\"og:title\" content=\"Dr. Pavel Nov\u00e1k - Motivon Clinic\" \/>\n<meta property=\"og:description\" content=\"[vc_row][vc_column width=&#8221;1\/2&#8243;][vc_column_text] Dr. Pavel Nov\u00e1k plastic surgeon[\/vc_column_text][vc_empty_space][vc_column_text] Education: 1989 \u2013 1995 \u2013 studied at the Faculty of Medicine, Masaryk University, Brno 1998 \u2013 certification in the specialty of surgery 2007 \u2013 certification in the specialty of plastic surgery A holder of the Czech Medical Chamber licence for the specialty of surgery and plastic surgery Practice:&hellip;\" \/>\n<meta property=\"og:url\" content=\"https:\/\/www.motivonclinic.com\/mudr-pavel-novak\/\" \/>\n<meta property=\"og:site_name\" content=\"Motivon Clinic\" \/>\n<meta property=\"article:modified_time\" content=\"2021-11-15T13:06:32+00:00\" \/>\n<meta name=\"twitter:card\" content=\"summary_large_image\" \/>\n<meta name=\"twitter:label1\" content=\"Est. reading time\" \/>\n\t<meta name=\"twitter:data1\" content=\"1 minute\" \/>\n<script type=\"application\/ld+json\" class=\"yoast-schema-graph\">{\"@context\":\"https:\/\/schema.org\",\"@graph\":[{\"@type\":\"WebPage\",\"@id\":\"https:\/\/www.motivonclinic.com\/mudr-pavel-novak\/\",\"url\":\"https:\/\/www.motivonclinic.com\/mudr-pavel-novak\/\",\"name\":\"Dr. Pavel Nov\u00e1k - Motivon Clinic\",\"isPartOf\":{\"@id\":\"https:\/\/www.motivonclinic.com\/en\/#website\"},\"datePublished\":\"2021-10-06T13:10:08+00:00\",\"dateModified\":\"2021-11-15T13:06:32+00:00\",\"breadcrumb\":{\"@id\":\"https:\/\/www.motivonclinic.com\/mudr-pavel-novak\/#breadcrumb\"},\"inLanguage\":\"en-US\",\"potentialAction\":[{\"@type\":\"ReadAction\",\"target\":[\"https:\/\/www.motivonclinic.com\/mudr-pavel-novak\/\"]}]},{\"@type\":\"BreadcrumbList\",\"@id\":\"https:\/\/www.motivonclinic.com\/mudr-pavel-novak\/#breadcrumb\",\"itemListElement\":[{\"@type\":\"ListItem\",\"position\":1,\"name\":\"Domovsk\u00e1 str\u00e1nka\",\"item\":\"https:\/\/www.motivonclinic.com\/en\/\"},{\"@type\":\"ListItem\",\"position\":2,\"name\":\"Dr. Pavel Nov\u00e1k\"}]},{\"@type\":\"WebSite\",\"@id\":\"https:\/\/www.motivonclinic.com\/en\/#website\",\"url\":\"https:\/\/www.motivonclinic.com\/en\/\",\"name\":\"Motivon Clinic\",\"description\":\"\",\"potentialAction\":[{\"@type\":\"SearchAction\",\"target\":{\"@type\":\"EntryPoint\",\"urlTemplate\":\"https:\/\/www.motivonclinic.com\/en\/?s={search_term_string}\"},\"query-input\":{\"@type\":\"PropertyValueSpecification\",\"valueRequired\":true,\"valueName\":\"search_term_string\"}}],\"inLanguage\":\"en-US\"}]}<\/script>\n<!-- \/ Yoast SEO plugin. -->","yoast_head_json":{"title":"Dr. Pavel Nov\u00e1k - Motivon Clinic","robots":{"index":"index","follow":"follow","max-snippet":"max-snippet:-1","max-image-preview":"max-image-preview:large","max-video-preview":"max-video-preview:-1"},"canonical":"https:\/\/www.motivonclinic.com\/en\/mudr-pavel-novak\/","og_locale":"en_US","og_type":"article","og_title":"Dr. Pavel Nov\u00e1k - Motivon Clinic","og_description":"[vc_row][vc_column width=&#8221;1\/2&#8243;][vc_column_text] Dr. Pavel Nov\u00e1k plastic surgeon[\/vc_column_text][vc_empty_space][vc_column_text] Education: 1989 \u2013 1995 \u2013 studied at the Faculty of Medicine, Masaryk University, Brno 1998 \u2013 certification in the specialty of surgery 2007 \u2013 certification in the specialty of plastic surgery A holder of the Czech Medical Chamber licence for the specialty of surgery and plastic surgery Practice:&hellip;","og_url":"https:\/\/www.motivonclinic.com\/mudr-pavel-novak\/","og_site_name":"Motivon Clinic","article_modified_time":"2021-11-15T13:06:32+00:00","twitter_card":"summary_large_image","twitter_misc":{"Est. reading time":"1 minute"},"schema":{"@context":"https:\/\/schema.org","@graph":[{"@type":"WebPage","@id":"https:\/\/www.motivonclinic.com\/mudr-pavel-novak\/","url":"https:\/\/www.motivonclinic.com\/mudr-pavel-novak\/","name":"Dr. Pavel Nov\u00e1k - Motivon Clinic","isPartOf":{"@id":"https:\/\/www.motivonclinic.com\/en\/#website"},"datePublished":"2021-10-06T13:10:08+00:00","dateModified":"2021-11-15T13:06:32+00:00","breadcrumb":{"@id":"https:\/\/www.motivonclinic.com\/mudr-pavel-novak\/#breadcrumb"},"inLanguage":"en-US","potentialAction":[{"@type":"ReadAction","target":["https:\/\/www.motivonclinic.com\/mudr-pavel-novak\/"]}]},{"@type":"BreadcrumbList","@id":"https:\/\/www.motivonclinic.com\/mudr-pavel-novak\/#breadcrumb","itemListElement":[{"@type":"ListItem","position":1,"name":"Domovsk\u00e1 str\u00e1nka","item":"https:\/\/www.motivonclinic.com\/en\/"},{"@type":"ListItem","position":2,"name":"Dr. Pavel Nov\u00e1k"}]},{"@type":"WebSite","@id":"https:\/\/www.motivonclinic.com\/en\/#website","url":"https:\/\/www.motivonclinic.com\/en\/","name":"Motivon Clinic","description":"","potentialAction":[{"@type":"SearchAction","target":{"@type":"EntryPoint","urlTemplate":"https:\/\/www.motivonclinic.com\/en\/?s={search_term_string}"},"query-input":{"@type":"PropertyValueSpecification","valueRequired":true,"valueName":"search_term_string"}}],"inLanguage":"en-US"}]}},"_links":{"self":[{"href":"https:\/\/www.motivonclinic.com\/en\/wp-json\/wp\/v2\/pages\/666","targetHints":{"allow":["GET"]}}],"collection":[{"href":"https:\/\/www.motivonclinic.com\/en\/wp-json\/wp\/v2\/pages"}],"about":[{"href":"https:\/\/www.motivonclinic.com\/en\/wp-json\/wp\/v2\/types\/page"}],"author":[{"embeddable":true,"href":"https:\/\/www.motivonclinic.com\/en\/wp-json\/wp\/v2\/users\/1"}],"replies":[{"embeddable":true,"href":"https:\/\/www.motivonclinic.com\/en\/wp-json\/wp\/v2\/comments?post=666"}],"version-history":[{"count":2,"href":"https:\/\/www.motivonclinic.com\/en\/wp-json\/wp\/v2\/pages\/666\/revisions"}],"predecessor-version":[{"id":670,"href":"https:\/\/www.motivonclinic.com\/en\/wp-json\/wp\/v2\/pages\/666\/revisions\/670"}],"wp:attachment":[{"href":"https:\/\/www.motivonclinic.com\/en\/wp-json\/wp\/v2\/media?parent=666"}],"curies":[{"name":"wp","href":"https:\/\/api.w.org\/{rel}","templated":true}]}}